{"id":6526,"date":"2022-01-23T22:45:52","date_gmt":"2022-01-23T21:45:52","guid":{"rendered":"https:\/\/www.hml-fetish.de\/shop\/?post_type=product&#038;p=6526"},"modified":"2023-10-26T14:09:53","modified_gmt":"2023-10-26T12:09:53","slug":"nypd-aermelabzeichen","status":"publish","type":"product","link":"https:\/\/www.hml-fetish.de\/shop\/nypd-aermelabzeichen\/","title":{"rendered":"NYPD \u00c4rmelabzeichen"},"content":{"rendered":"<p><P>Gestickter \u00c4rmelaufn\u00e4her des New York Police Department als Sammlerst\u00fcck. Etwa 90 mm x 110 mm. <B>Auch, wenn es sich nicht um Originale handelt, darf dieser Artikel nicht in der \u00d6ffentlichkeit getragen werden! Es handelt sich lediglich um Sammlerst\u00fccke.<\/B><\/P><\/p>\n","protected":false},"excerpt":{"rendered":"<h4>NYPD \u00c4rmelabzeichen<\/h4>\n<p><P>Gestickter \u00c4rmelaufn\u00e4her des New York Police Department als Sammlerst\u00fcck. Etwa 90 mm x 110 mm. <B>Auch, wenn es sich nicht um Originale handelt, darf dieser Artikel nicht in der \u00d6ffentlichkeit getragen werden! Es handelt sich lediglich um Sammlerst\u00fccke.<\/B><\/P><\/p>\n","protected":false},"featured_media":26735,"comment_status":"open","ping_status":"closed","template":"","meta":[],"product_brand":[],"product_cat":[149],"product_tag":[],"class_list":{"0":"post-6526","1":"product","2":"type-product","3":"status-publish","4":"has-post-thumbnail","6":"product_cat-insignia","7":"product_shipping_class-brief","9":"first","10":"instock","11":"taxable","12":"shipping-taxable","13":"purchasable","14":"product-type-simple"},"_links":{"self":[{"href":"https:\/\/www.hml-fetish.de\/shop\/wp-json\/wp\/v2\/product\/6526","targetHints":{"allow":["GET"]}}],"collection":[{"href":"https:\/\/www.hml-fetish.de\/shop\/wp-json\/wp\/v2\/product"}],"about":[{"href":"https:\/\/www.hml-fetish.de\/shop\/wp-json\/wp\/v2\/types\/product"}],"replies":[{"embeddable":true,"href":"https:\/\/www.hml-fetish.de\/shop\/wp-json\/wp\/v2\/comments?post=6526"}],"version-history":[{"count":0,"href":"https:\/\/www.hml-fetish.de\/shop\/wp-json\/wp\/v2\/product\/6526\/revisions"}],"wp:featuredmedia":[{"embeddable":true,"href":"https:\/\/www.hml-fetish.de\/shop\/wp-json\/wp\/v2\/media\/26735"}],"wp:attachment":[{"href":"https:\/\/www.hml-fetish.de\/shop\/wp-json\/wp\/v2\/media?parent=6526"}],"wp:term":[{"taxonomy":"product_brand","embeddable":true,"href":"https:\/\/www.hml-fetish.de\/shop\/wp-json\/wp\/v2\/product_brand?post=6526"},{"taxonomy":"product_cat","embeddable":true,"href":"https:\/\/www.hml-fetish.de\/shop\/wp-json\/wp\/v2\/product_cat?post=6526"},{"taxonomy":"product_tag","embeddable":true,"href":"https:\/\/www.hml-fetish.de\/shop\/wp-json\/wp\/v2\/product_tag?post=6526"}],"curies":[{"name":"wp","href":"https:\/\/api.w.org\/{rel}","templated":true}]}}