{"id":6517,"date":"2022-01-23T22:45:49","date_gmt":"2022-01-23T21:45:49","guid":{"rendered":"https:\/\/www.hml-fetish.de\/shop\/?post_type=product&#038;p=6517"},"modified":"2022-06-17T23:20:19","modified_gmt":"2022-06-17T21:20:19","slug":"aufkleber-128-x-72-mm","status":"publish","type":"product","link":"https:\/\/www.hml-fetish.de\/shop\/aufkleber-128-x-72-mm\/","title":{"rendered":"Aufkleber 128 x 72 mm"},"content":{"rendered":"<p><P>Ein Aufkleber, der als Flagge geschwungen ist. Dies ist eine etwas gr\u00f6\u00dfere Ausf\u00fchrung, gut geeignet f\u00fcr Haust\u00fcren oder Autohecks. Diesen Aufkleber haben wir als Gay-Pride, Leather-Pride und als Bear-Pride Aufkleber im Programm. Unsere Aufkleber sind wetterfest und lichtecht, das hei\u00dft, sie bleichen auch nach Jahren in der Sonne nicht aus!<\/P><\/p>\n","protected":false},"excerpt":{"rendered":"<h4>Aufkleber 128 x 72 mm<\/h4>\n<p><P>Ein Aufkleber, der als Flagge geschwungen ist. Dies ist eine etwas gr\u00f6\u00dfere Ausf\u00fchrung, gut geeignet f\u00fcr Haust\u00fcren oder Autohecks. Diesen Aufkleber haben wir als Gay-Pride, Leather-Pride und als Bear Pride Aufkleber im Programm. Unsere Aufkleber sind wetterfest und lichtecht, das hei\u00dft, sie bleichen auch nach Jahren in der Sonne nicht aus!<\/P><\/p>\n","protected":false},"featured_media":26828,"comment_status":"open","ping_status":"closed","template":"","meta":[],"product_brand":[],"product_cat":[125],"product_tag":[],"class_list":{"0":"post-6517","1":"product","2":"type-product","3":"status-publish","4":"has-post-thumbnail","6":"product_cat-gay-pride","7":"product_shipping_class-brief","9":"first","10":"instock","11":"taxable","12":"shipping-taxable","13":"purchasable","14":"product-type-variable"},"_links":{"self":[{"href":"https:\/\/www.hml-fetish.de\/shop\/wp-json\/wp\/v2\/product\/6517","targetHints":{"allow":["GET"]}}],"collection":[{"href":"https:\/\/www.hml-fetish.de\/shop\/wp-json\/wp\/v2\/product"}],"about":[{"href":"https:\/\/www.hml-fetish.de\/shop\/wp-json\/wp\/v2\/types\/product"}],"replies":[{"embeddable":true,"href":"https:\/\/www.hml-fetish.de\/shop\/wp-json\/wp\/v2\/comments?post=6517"}],"version-history":[{"count":0,"href":"https:\/\/www.hml-fetish.de\/shop\/wp-json\/wp\/v2\/product\/6517\/revisions"}],"wp:featuredmedia":[{"embeddable":true,"href":"https:\/\/www.hml-fetish.de\/shop\/wp-json\/wp\/v2\/media\/26828"}],"wp:attachment":[{"href":"https:\/\/www.hml-fetish.de\/shop\/wp-json\/wp\/v2\/media?parent=6517"}],"wp:term":[{"taxonomy":"product_brand","embeddable":true,"href":"https:\/\/www.hml-fetish.de\/shop\/wp-json\/wp\/v2\/product_brand?post=6517"},{"taxonomy":"product_cat","embeddable":true,"href":"https:\/\/www.hml-fetish.de\/shop\/wp-json\/wp\/v2\/product_cat?post=6517"},{"taxonomy":"product_tag","embeddable":true,"href":"https:\/\/www.hml-fetish.de\/shop\/wp-json\/wp\/v2\/product_tag?post=6517"}],"curies":[{"name":"wp","href":"https:\/\/api.w.org\/{rel}","templated":true}]}}