{"id":6515,"date":"2022-01-23T22:45:49","date_gmt":"2022-01-23T21:45:49","guid":{"rendered":"https:\/\/www.hml-fetish.de\/shop\/?post_type=product&#038;p=6515"},"modified":"2022-06-10T13:24:12","modified_gmt":"2022-06-10T11:24:12","slug":"aufkleber-red-ribbon","status":"publish","type":"product","link":"https:\/\/www.hml-fetish.de\/shop\/aufkleber-red-ribbon\/","title":{"rendered":"Aufkleber Red Ribbon"},"content":{"rendered":"<p><P>Dieser Aufkleber zeigt eine rote Schleife auf wei\u00dfem Grund. Eine einfache M\u00f6glichkeit, um klar Stellung zu beziehen. Unsere Aufkleber sind wetterfest und lichtecht, das hei\u00dft, sie bleichen auch nach Jahren in der Sonne nicht aus!<\/P><\/p>\n","protected":false},"excerpt":{"rendered":"<h4>Aufkleber Red Ribbon<\/h4>\n<p><P>Dieser Aufkleber zeigt eine rote Schleife auf wei\u00dfem Grund. Eine einfache M\u00f6glichkeit, um klar Stellung zu beziehen. Unsere Aufkleber sind wetterfest und lichtecht, das hei\u00dft, sie bleichen auch nach Jahren in der Sonne nicht aus!<\/P><\/p>\n","protected":false},"featured_media":26862,"comment_status":"open","ping_status":"closed","template":"","meta":[],"product_brand":[],"product_cat":[125,127],"product_tag":[],"class_list":{"0":"post-6515","1":"product","2":"type-product","3":"status-publish","4":"has-post-thumbnail","6":"product_cat-gay-pride","7":"product_cat-diverses","8":"product_shipping_class-brief","10":"first","11":"instock","12":"taxable","13":"shipping-taxable","14":"purchasable","15":"product-type-simple"},"_links":{"self":[{"href":"https:\/\/www.hml-fetish.de\/shop\/wp-json\/wp\/v2\/product\/6515","targetHints":{"allow":["GET"]}}],"collection":[{"href":"https:\/\/www.hml-fetish.de\/shop\/wp-json\/wp\/v2\/product"}],"about":[{"href":"https:\/\/www.hml-fetish.de\/shop\/wp-json\/wp\/v2\/types\/product"}],"replies":[{"embeddable":true,"href":"https:\/\/www.hml-fetish.de\/shop\/wp-json\/wp\/v2\/comments?post=6515"}],"version-history":[{"count":0,"href":"https:\/\/www.hml-fetish.de\/shop\/wp-json\/wp\/v2\/product\/6515\/revisions"}],"wp:featuredmedia":[{"embeddable":true,"href":"https:\/\/www.hml-fetish.de\/shop\/wp-json\/wp\/v2\/media\/26862"}],"wp:attachment":[{"href":"https:\/\/www.hml-fetish.de\/shop\/wp-json\/wp\/v2\/media?parent=6515"}],"wp:term":[{"taxonomy":"product_brand","embeddable":true,"href":"https:\/\/www.hml-fetish.de\/shop\/wp-json\/wp\/v2\/product_brand?post=6515"},{"taxonomy":"product_cat","embeddable":true,"href":"https:\/\/www.hml-fetish.de\/shop\/wp-json\/wp\/v2\/product_cat?post=6515"},{"taxonomy":"product_tag","embeddable":true,"href":"https:\/\/www.hml-fetish.de\/shop\/wp-json\/wp\/v2\/product_tag?post=6515"}],"curies":[{"name":"wp","href":"https:\/\/api.w.org\/{rel}","templated":true}]}}