{"id":6514,"date":"2022-01-23T22:45:49","date_gmt":"2022-01-23T21:45:49","guid":{"rendered":"https:\/\/www.hml-fetish.de\/shop\/?post_type=product&#038;p=6514"},"modified":"2022-06-10T13:36:32","modified_gmt":"2022-06-10T11:36:32","slug":"leather-pride-aufkleber-75-x-50-mm","status":"publish","type":"product","link":"https:\/\/www.hml-fetish.de\/shop\/leather-pride-aufkleber-75-x-50-mm\/","title":{"rendered":"Leather Pride Aufkleber 75 x 50 mm"},"content":{"rendered":"<p><P>Ein rechteckiger Aufkleber in der etwas kleineren Ausf\u00fchrung, die dezenter wirkt und an unauff\u00e4lliger Stelle plaziert werden kann. Unsere Aufkleber sind wetterfest und lichtecht, das hei\u00dft, sie bleichen auch nach Jahren in der Sonne nicht aus!<\/P><\/p>\n","protected":false},"excerpt":{"rendered":"<h4>Leather Pride Aufkleber 75 x 50 mm<\/h4>\n<p><P>Ein rechteckiger Aufkleber in der etwas kleineren Ausf\u00fchrung, die dezenter wirkt und an unauff\u00e4lliger Stelle plaziert werden kann. Unsere Aufkleber sind wetterfest und lichtecht, das hei\u00dft, sie bleichen auch nach Jahren in der Sonne nicht aus!<\/P><\/p>\n","protected":false},"featured_media":26870,"comment_status":"open","ping_status":"closed","template":"","meta":[],"product_brand":[],"product_cat":[125],"product_tag":[],"class_list":{"0":"post-6514","1":"product","2":"type-product","3":"status-publish","4":"has-post-thumbnail","6":"product_cat-gay-pride","7":"product_shipping_class-brief","9":"first","10":"instock","11":"taxable","12":"shipping-taxable","13":"purchasable","14":"product-type-simple"},"_links":{"self":[{"href":"https:\/\/www.hml-fetish.de\/shop\/wp-json\/wp\/v2\/product\/6514","targetHints":{"allow":["GET"]}}],"collection":[{"href":"https:\/\/www.hml-fetish.de\/shop\/wp-json\/wp\/v2\/product"}],"about":[{"href":"https:\/\/www.hml-fetish.de\/shop\/wp-json\/wp\/v2\/types\/product"}],"replies":[{"embeddable":true,"href":"https:\/\/www.hml-fetish.de\/shop\/wp-json\/wp\/v2\/comments?post=6514"}],"version-history":[{"count":0,"href":"https:\/\/www.hml-fetish.de\/shop\/wp-json\/wp\/v2\/product\/6514\/revisions"}],"wp:featuredmedia":[{"embeddable":true,"href":"https:\/\/www.hml-fetish.de\/shop\/wp-json\/wp\/v2\/media\/26870"}],"wp:attachment":[{"href":"https:\/\/www.hml-fetish.de\/shop\/wp-json\/wp\/v2\/media?parent=6514"}],"wp:term":[{"taxonomy":"product_brand","embeddable":true,"href":"https:\/\/www.hml-fetish.de\/shop\/wp-json\/wp\/v2\/product_brand?post=6514"},{"taxonomy":"product_cat","embeddable":true,"href":"https:\/\/www.hml-fetish.de\/shop\/wp-json\/wp\/v2\/product_cat?post=6514"},{"taxonomy":"product_tag","embeddable":true,"href":"https:\/\/www.hml-fetish.de\/shop\/wp-json\/wp\/v2\/product_tag?post=6514"}],"curies":[{"name":"wp","href":"https:\/\/api.w.org\/{rel}","templated":true}]}}