{"id":6513,"date":"2022-01-23T22:45:48","date_gmt":"2022-01-23T21:45:48","guid":{"rendered":"https:\/\/www.hml-fetish.de\/shop\/?post_type=product&#038;p=6513"},"modified":"2023-06-13T19:07:57","modified_gmt":"2023-06-13T17:07:57","slug":"aufkleber-110-x-74-mm","status":"publish","type":"product","link":"https:\/\/www.hml-fetish.de\/shop\/aufkleber-110-x-74-mm\/","title":{"rendered":"Aufkleber 110 x 74 mm"},"content":{"rendered":"<p><P>Dieser Aufkleber in rechteckiger Form ist seit vielen Jahren g\u00e4ngiger Standard. Du kannst ihn \u00fcberall plazieren, von Deinem Koffer \u00fcber den K\u00fchlschrank bis zu Deinem Monitor. Wir haben ihn als Gay-Pride und Leather Pride Aufkleber im Programm. Unsere Aufkleber sind wetterfest und lichtecht, das hei\u00dft, sie bleichen auch nach Jahren in der Sonne nicht aus!<\/P><\/p>\n","protected":false},"excerpt":{"rendered":"<h4>Aufkleber 110 x 74 mm<\/h4>\n<p><P>Dieser Aufkleber in rechteckiger Form ist seit vielen Jahren g\u00e4ngiger Standard. Du kannst ihn \u00fcberall plazieren, von Deinem Koffer \u00fcber den K\u00fchlschrank bis zu Deinem Monitor. Wir haben ihn als Gay-Pride und Leather-Pride Aufkleber im Programm. Unsere Aufkleber sind wetterfest und lichtecht, das hei\u00dft, sie bleichen auch nach Jahren in der Sonne nicht aus!<\/P><\/p>\n","protected":false},"featured_media":26881,"comment_status":"open","ping_status":"closed","template":"","meta":[],"product_brand":[],"product_cat":[125],"product_tag":[],"class_list":{"0":"post-6513","1":"product","2":"type-product","3":"status-publish","4":"has-post-thumbnail","6":"product_cat-gay-pride","7":"product_shipping_class-brief","9":"first","10":"instock","11":"taxable","12":"shipping-taxable","13":"purchasable","14":"product-type-variable"},"_links":{"self":[{"href":"https:\/\/www.hml-fetish.de\/shop\/wp-json\/wp\/v2\/product\/6513","targetHints":{"allow":["GET"]}}],"collection":[{"href":"https:\/\/www.hml-fetish.de\/shop\/wp-json\/wp\/v2\/product"}],"about":[{"href":"https:\/\/www.hml-fetish.de\/shop\/wp-json\/wp\/v2\/types\/product"}],"replies":[{"embeddable":true,"href":"https:\/\/www.hml-fetish.de\/shop\/wp-json\/wp\/v2\/comments?post=6513"}],"version-history":[{"count":0,"href":"https:\/\/www.hml-fetish.de\/shop\/wp-json\/wp\/v2\/product\/6513\/revisions"}],"wp:featuredmedia":[{"embeddable":true,"href":"https:\/\/www.hml-fetish.de\/shop\/wp-json\/wp\/v2\/media\/26881"}],"wp:attachment":[{"href":"https:\/\/www.hml-fetish.de\/shop\/wp-json\/wp\/v2\/media?parent=6513"}],"wp:term":[{"taxonomy":"product_brand","embeddable":true,"href":"https:\/\/www.hml-fetish.de\/shop\/wp-json\/wp\/v2\/product_brand?post=6513"},{"taxonomy":"product_cat","embeddable":true,"href":"https:\/\/www.hml-fetish.de\/shop\/wp-json\/wp\/v2\/product_cat?post=6513"},{"taxonomy":"product_tag","embeddable":true,"href":"https:\/\/www.hml-fetish.de\/shop\/wp-json\/wp\/v2\/product_tag?post=6513"}],"curies":[{"name":"wp","href":"https:\/\/api.w.org\/{rel}","templated":true}]}}