{"id":6511,"date":"2022-01-23T22:45:48","date_gmt":"2022-01-23T21:45:48","guid":{"rendered":"https:\/\/www.hml-fetish.de\/shop\/?post_type=product&#038;p=6511"},"modified":"2022-06-26T13:48:22","modified_gmt":"2022-06-26T11:48:22","slug":"armband-farbig-6-cm-breit-mit-schnalle","status":"publish","type":"product","link":"https:\/\/www.hml-fetish.de\/shop\/armband-farbig-6-cm-breit-mit-schnalle\/","title":{"rendered":"Armband farbig 6 cm breit mit Schnalle"},"content":{"rendered":"<p><P>Die bew\u00e4hrte HML Qualit\u00e4t in besonders stabiler Verarbeitung, jeweils aus doppelt gelegtem Rindnappa. Besonders belastbar durch zweireihige Vernietung. Die umgelegten Kanten sind abgerundet und weich und schneiden nicht ein, egal, wie lange Du Dein Armband tr\u00e4gst. Die Nieten und \u00d6sen sind rost- und nickelfrei. Mit einer Schnalle verschlie\u00dfbar und einstellbar.<\/P><\/p>\n","protected":false},"excerpt":{"rendered":"<h4>Armband farbig 6 cm breit mit Schnalle<\/h4>\n<p><P>Die bew\u00e4hrte HML Qualit\u00e4t in besonders stabiler Verarbeitung, jeweils aus doppelt gelegtem Rindnappa. Besonders belastbar durch zweireihige Vernietung. Die umgelegten Kanten sind abgerundet und weich und schneiden nicht ein.<\/P><\/p>\n","protected":false},"featured_media":26918,"comment_status":"open","ping_status":"closed","template":"","meta":[],"product_brand":[],"product_cat":[152,129,106],"product_tag":[4398],"class_list":{"0":"post-6511","1":"product","2":"type-product","3":"status-publish","4":"has-post-thumbnail","6":"product_cat-armbaender","7":"product_cat-hanky-code","8":"product_cat-neu-bei-hml","9":"product_tag-hml-fetish-original","10":"product_shipping_class-paket","12":"first","13":"instock","14":"taxable","15":"shipping-taxable","16":"purchasable","17":"product-type-variable"},"_links":{"self":[{"href":"https:\/\/www.hml-fetish.de\/shop\/wp-json\/wp\/v2\/product\/6511","targetHints":{"allow":["GET"]}}],"collection":[{"href":"https:\/\/www.hml-fetish.de\/shop\/wp-json\/wp\/v2\/product"}],"about":[{"href":"https:\/\/www.hml-fetish.de\/shop\/wp-json\/wp\/v2\/types\/product"}],"replies":[{"embeddable":true,"href":"https:\/\/www.hml-fetish.de\/shop\/wp-json\/wp\/v2\/comments?post=6511"}],"version-history":[{"count":0,"href":"https:\/\/www.hml-fetish.de\/shop\/wp-json\/wp\/v2\/product\/6511\/revisions"}],"wp:featuredmedia":[{"embeddable":true,"href":"https:\/\/www.hml-fetish.de\/shop\/wp-json\/wp\/v2\/media\/26918"}],"wp:attachment":[{"href":"https:\/\/www.hml-fetish.de\/shop\/wp-json\/wp\/v2\/media?parent=6511"}],"wp:term":[{"taxonomy":"product_brand","embeddable":true,"href":"https:\/\/www.hml-fetish.de\/shop\/wp-json\/wp\/v2\/product_brand?post=6511"},{"taxonomy":"product_cat","embeddable":true,"href":"https:\/\/www.hml-fetish.de\/shop\/wp-json\/wp\/v2\/product_cat?post=6511"},{"taxonomy":"product_tag","embeddable":true,"href":"https:\/\/www.hml-fetish.de\/shop\/wp-json\/wp\/v2\/product_tag?post=6511"}],"curies":[{"name":"wp","href":"https:\/\/api.w.org\/{rel}","templated":true}]}}