{"id":6508,"date":"2022-01-23T22:45:47","date_gmt":"2022-01-23T21:45:47","guid":{"rendered":"https:\/\/www.hml-fetish.de\/shop\/?post_type=product&#038;p=6508"},"modified":"2025-03-31T11:48:16","modified_gmt":"2025-03-31T09:48:16","slug":"elektro-plug-john","status":"publish","type":"product","link":"https:\/\/www.hml-fetish.de\/shop\/elektro-plug-john\/","title":{"rendered":"Elektro-Plug John"},"content":{"rendered":"<p><P>Ein sehr fein gefertigter zweistufiger, konischer Plug aus poliertem Aluminium. Die Isolierung zwischen beiden Polen erfolgt bereits kurz nach dem Eindringen der Spitze. Daher merkst Du es sehr fr\u00fch, wenn jemand an den Reglern spielt. Aluminium hat eine hohe W\u00e4rmekapazit\u00e4t. Daher h\u00e4lt er sehr lange die Temperatur, wenn Du ihn vorgew\u00e4rmt einf\u00fchrst. Das ist sehr angenehm.<\/P><br \/>\n<P>Die kleine Version wiegt knapp 200 g bei 9 cm L\u00e4nge. Die mittlere Version liegt mit ihren 5 cm Durchmesser bei 10,5 cm Gesamtl\u00e4nge bei 350 g Gewicht noch gut in der Hand und l\u00e4\u00dft sich leicht einf\u00fchren. Die gro\u00dfe Version (auf Anfrage) wiegt knapp 570 g bei 13 cm L\u00e4nge. Die Stromversorgung zum \u00bbMystim Tension Lover\u00ab erfolgt \u00fcber 4 mm Bananenstecker-Kupplungen, die mit einem Meter Kabel in etwas Abstand zum Plug angebracht sind und daher beim Spielen nicht st\u00f6ren.<\/P><\/p>\n","protected":false},"excerpt":{"rendered":"<h4>Elektro-Plug John<\/h4>\n<p><P>Ein sehr fein gefertigter zweistufiger, konischer Plug aus poliertem Aluminium. Die Isolierung zwischen beiden Polen erfolgt bereits kurz nach dem Eindringen der Spitze. Daher merkst Du es sehr fr\u00fch, wenn jemand an den Reglern spielt. Aluminium hat eine hohe W\u00e4rmekapazit\u00e4t. Daher h\u00e4lt er sehr lange die Temperatur, wenn Du ihn vorgew\u00e4rmt einf\u00fchrst. Das ist sehr angenehm.<\/P><\/p>\n","protected":false},"featured_media":26995,"comment_status":"open","ping_status":"closed","template":"","meta":[],"product_brand":[],"product_cat":[133,139],"product_tag":[],"class_list":{"0":"post-6508","1":"product","2":"type-product","3":"status-publish","4":"has-post-thumbnail","6":"product_cat-elektro","7":"product_cat-plugs","8":"product_shipping_class-paket","10":"first","11":"instock","12":"taxable","13":"shipping-taxable","14":"purchasable","15":"product-type-variable"},"_links":{"self":[{"href":"https:\/\/www.hml-fetish.de\/shop\/wp-json\/wp\/v2\/product\/6508","targetHints":{"allow":["GET"]}}],"collection":[{"href":"https:\/\/www.hml-fetish.de\/shop\/wp-json\/wp\/v2\/product"}],"about":[{"href":"https:\/\/www.hml-fetish.de\/shop\/wp-json\/wp\/v2\/types\/product"}],"replies":[{"embeddable":true,"href":"https:\/\/www.hml-fetish.de\/shop\/wp-json\/wp\/v2\/comments?post=6508"}],"version-history":[{"count":0,"href":"https:\/\/www.hml-fetish.de\/shop\/wp-json\/wp\/v2\/product\/6508\/revisions"}],"wp:featuredmedia":[{"embeddable":true,"href":"https:\/\/www.hml-fetish.de\/shop\/wp-json\/wp\/v2\/media\/26995"}],"wp:attachment":[{"href":"https:\/\/www.hml-fetish.de\/shop\/wp-json\/wp\/v2\/media?parent=6508"}],"wp:term":[{"taxonomy":"product_brand","embeddable":true,"href":"https:\/\/www.hml-fetish.de\/shop\/wp-json\/wp\/v2\/product_brand?post=6508"},{"taxonomy":"product_cat","embeddable":true,"href":"https:\/\/www.hml-fetish.de\/shop\/wp-json\/wp\/v2\/product_cat?post=6508"},{"taxonomy":"product_tag","embeddable":true,"href":"https:\/\/www.hml-fetish.de\/shop\/wp-json\/wp\/v2\/product_tag?post=6508"}],"curies":[{"name":"wp","href":"https:\/\/api.w.org\/{rel}","templated":true}]}}