{"id":6507,"date":"2022-01-23T22:45:47","date_gmt":"2022-01-23T21:45:47","guid":{"rendered":"https:\/\/www.hml-fetish.de\/shop\/?post_type=product&#038;p=6507"},"modified":"2023-07-29T15:14:34","modified_gmt":"2023-07-29T13:14:34","slug":"analkugeln-40-60-mm","status":"publish","type":"product","link":"https:\/\/www.hml-fetish.de\/shop\/analkugeln-40-60-mm\/","title":{"rendered":"Analkugeln 40-60 mm"},"content":{"rendered":"<p><P>F\u00fcnf massive Kugeln mit je 40 mm, 50 mm oder 60 mm Durchmesser ergeben eine erhebliche F\u00fcllmenge (knapp 500 ml). Du bekommst diese Anal-B\u00e4lle in einer Version, die mit zwei 40 mm Kugeln beginnt, gefolgt von zwei 50 mm Kugeln und einer 60 mm Kugel. Da ist das Herausziehen fast noch erregender als das Einf\u00fchren!<\/P><br \/>\n<P>Die Kugeln inklusive Schnur sind aus elastischem und hygienischem Silikon, das Du mit allen Gleitmitteln verwenden und sogar in der Sp\u00fclmaschine reinigen kannst. Die Schlaufe am Ende ist ein genialer Cockring und verhindert auf elegante Weise, da\u00df die Kugeln hinten verschwinden.<\/P><\/p>\n","protected":false},"excerpt":{"rendered":"<h4>Analkugeln 40-60 mm<\/h4>\n<p><P>F\u00fcnf massive Kugeln mit je 40 mm, 50 mm oder 60 mm Durchmesser ergeben eine erhebliche F\u00fcllmenge (knapp 500 ml). Du bekommst diese Analb\u00e4lle in einer Version, die mit zwei 40 mm Kugeln beginnt, gefolgt von zwei 50 mm Kugeln und einer 60 mm Kugel. Da ist das Herausziehen fast noch erregender als das Einf\u00fchren!<\/P><\/p>\n","protected":false},"featured_media":27023,"comment_status":"open","ping_status":"closed","template":"","meta":[],"product_brand":[],"product_cat":[139],"product_tag":[],"class_list":{"0":"post-6507","1":"product","2":"type-product","3":"status-publish","4":"has-post-thumbnail","6":"product_cat-plugs","7":"product_shipping_class-paket","9":"first","10":"instock","11":"taxable","12":"shipping-taxable","13":"purchasable","14":"product-type-simple"},"_links":{"self":[{"href":"https:\/\/www.hml-fetish.de\/shop\/wp-json\/wp\/v2\/product\/6507","targetHints":{"allow":["GET"]}}],"collection":[{"href":"https:\/\/www.hml-fetish.de\/shop\/wp-json\/wp\/v2\/product"}],"about":[{"href":"https:\/\/www.hml-fetish.de\/shop\/wp-json\/wp\/v2\/types\/product"}],"replies":[{"embeddable":true,"href":"https:\/\/www.hml-fetish.de\/shop\/wp-json\/wp\/v2\/comments?post=6507"}],"version-history":[{"count":0,"href":"https:\/\/www.hml-fetish.de\/shop\/wp-json\/wp\/v2\/product\/6507\/revisions"}],"wp:featuredmedia":[{"embeddable":true,"href":"https:\/\/www.hml-fetish.de\/shop\/wp-json\/wp\/v2\/media\/27023"}],"wp:attachment":[{"href":"https:\/\/www.hml-fetish.de\/shop\/wp-json\/wp\/v2\/media?parent=6507"}],"wp:term":[{"taxonomy":"product_brand","embeddable":true,"href":"https:\/\/www.hml-fetish.de\/shop\/wp-json\/wp\/v2\/product_brand?post=6507"},{"taxonomy":"product_cat","embeddable":true,"href":"https:\/\/www.hml-fetish.de\/shop\/wp-json\/wp\/v2\/product_cat?post=6507"},{"taxonomy":"product_tag","embeddable":true,"href":"https:\/\/www.hml-fetish.de\/shop\/wp-json\/wp\/v2\/product_tag?post=6507"}],"curies":[{"name":"wp","href":"https:\/\/api.w.org\/{rel}","templated":true}]}}