{"id":6506,"date":"2022-01-23T22:45:46","date_gmt":"2022-01-23T21:45:46","guid":{"rendered":"https:\/\/www.hml-fetish.de\/shop\/?post_type=product&#038;p=6506"},"modified":"2024-10-16T17:18:25","modified_gmt":"2024-10-16T15:18:25","slug":"analkugeln-aus-silikon","status":"publish","type":"product","link":"https:\/\/www.hml-fetish.de\/shop\/analkugeln-aus-silikon\/","title":{"rendered":"Analkugeln aus Silikon"},"content":{"rendered":"<p>Schwarze Silikonb\u00e4lle mit einer stabilen Kordel verbunden. Vier Kugeln mit jeweils gleichem Durchmesser. Das Gef\u00fchl, eine Kugel nach der anderen einzuf\u00fchren, den zunehmenden Druck zu sp\u00fcren \u2013 und sp\u00e4ter dann das Herausziehen, eine langsam nach der anderen\u2026 Erz\u00e4hle uns hinterher nicht, Du h\u00e4ttest \u00e4hnliches schon einmal erlebt!<\/p>\n","protected":false},"excerpt":{"rendered":"<h4>Analkugeln aus Silikon<\/h4>\n<p>Schwarze Silikonb\u00e4lle mit einer stabilen Kordel verbunden. Vier Kugeln mit jeweils gleichem Durchmesser. Das Gef\u00fchl, eine Kugel nach der anderen einzuf\u00fchren, den zunehmenden Druck zu sp\u00fcren \u2013 und sp\u00e4ter dann das Herausziehen, eine langsam nach der anderen\u2026 Erz\u00e4hle uns hinterher nicht, Du h\u00e4ttest \u00e4hnliches schon einmal erlebt!<\/p>\n","protected":false},"featured_media":27030,"comment_status":"open","ping_status":"closed","template":"","meta":[],"product_brand":[],"product_cat":[139,135],"product_tag":[4368],"class_list":{"0":"post-6506","1":"product","2":"type-product","3":"status-publish","4":"has-post-thumbnail","6":"product_cat-plugs","7":"product_cat-toys","8":"product_tag-bestseller-toys-bdsm","9":"product_shipping_class-paket","11":"first","12":"instock","13":"taxable","14":"shipping-taxable","15":"purchasable","16":"product-type-variable"},"_links":{"self":[{"href":"https:\/\/www.hml-fetish.de\/shop\/wp-json\/wp\/v2\/product\/6506","targetHints":{"allow":["GET"]}}],"collection":[{"href":"https:\/\/www.hml-fetish.de\/shop\/wp-json\/wp\/v2\/product"}],"about":[{"href":"https:\/\/www.hml-fetish.de\/shop\/wp-json\/wp\/v2\/types\/product"}],"replies":[{"embeddable":true,"href":"https:\/\/www.hml-fetish.de\/shop\/wp-json\/wp\/v2\/comments?post=6506"}],"version-history":[{"count":0,"href":"https:\/\/www.hml-fetish.de\/shop\/wp-json\/wp\/v2\/product\/6506\/revisions"}],"wp:featuredmedia":[{"embeddable":true,"href":"https:\/\/www.hml-fetish.de\/shop\/wp-json\/wp\/v2\/media\/27030"}],"wp:attachment":[{"href":"https:\/\/www.hml-fetish.de\/shop\/wp-json\/wp\/v2\/media?parent=6506"}],"wp:term":[{"taxonomy":"product_brand","embeddable":true,"href":"https:\/\/www.hml-fetish.de\/shop\/wp-json\/wp\/v2\/product_brand?post=6506"},{"taxonomy":"product_cat","embeddable":true,"href":"https:\/\/www.hml-fetish.de\/shop\/wp-json\/wp\/v2\/product_cat?post=6506"},{"taxonomy":"product_tag","embeddable":true,"href":"https:\/\/www.hml-fetish.de\/shop\/wp-json\/wp\/v2\/product_tag?post=6506"}],"curies":[{"name":"wp","href":"https:\/\/api.w.org\/{rel}","templated":true}]}}