{"id":6504,"date":"2022-01-23T22:45:46","date_gmt":"2022-01-23T21:45:46","guid":{"rendered":"https:\/\/www.hml-fetish.de\/shop\/?post_type=product&#038;p=6504"},"modified":"2024-11-25T08:43:11","modified_gmt":"2024-11-25T07:43:11","slug":"kuhschnabel","status":"publish","type":"product","link":"https:\/\/www.hml-fetish.de\/shop\/kuhschnabel\/","title":{"rendered":"Kuhschnabel"},"content":{"rendered":"<p><P>Den mu\u00df man haben! Alleine um Deine G\u00e4ste mit offenem Mund da stehen zu sehen, wenn ihnen d\u00e4mmert, was ihnen m\u00f6glicherweise bevorsteht, wenn das Teil zum Einsatz kommt. Mit seiner Gesamtl\u00e4nge von 54 cm bei einer Schnabelbreite von 5 cm ist dieser Entenschnabel aus der Veterin\u00e4rmedizin ein echter Hingucker und mancher Spielpartner wird handzahm und f\u00fcgsam werden, wenn Du ihm damit drohst.<\/P><br \/>\n<P>Wobei die Drohung am Ende garnicht soo schlimm ist. Voll aufgespreizt schafft das Instrument n\u00e4mlich \u00bbnur\u00ab einen Durchmesser von 10 cm. Gerade weit genug, da\u00df die behandschuhte Faust des Tierarztes in den Arsch der Kuh flutschen kann. Diesen AUTSCH!-Artikel bekommst Du exklusiv nur bei HML Fetish!<\/P><\/p>\n","protected":false},"excerpt":{"rendered":"<h4>Kuhschnabel<\/h4>\n<p><P>Den mu\u00df man haben! Alleine um Deine G\u00e4ste mit offenem Mund da stehen zu sehen, wenn ihnen d\u00e4mmert, was ihnen m\u00f6glicherweise bevorsteht, wenn das Teil zum Einsatz kommt. Mit seiner Gesamtl\u00e4nge von 54 cm bei einer Schnabelbreite von 5 cm ist dieser Artikel aus der Veterin\u00e4rmedizin ein echter Hingucker und mancher Spielpartner wird handzahm und f\u00fcgsam werden, wenn Du ihm damit drohst.<\/P><\/p>\n","protected":false},"featured_media":27081,"comment_status":"open","ping_status":"closed","template":"","meta":[],"product_brand":[],"product_cat":[136,132,105,135],"product_tag":[],"class_list":{"0":"post-6504","1":"product","2":"type-product","3":"status-publish","4":"has-post-thumbnail","6":"product_cat-klinik","7":"product_cat-dungeon","8":"product_cat-sonderangebote","9":"product_cat-toys","10":"product_shipping_class-paket","12":"first","13":"instock","14":"sale","15":"taxable","16":"shipping-taxable","17":"purchasable","18":"product-type-simple"},"_links":{"self":[{"href":"https:\/\/www.hml-fetish.de\/shop\/wp-json\/wp\/v2\/product\/6504","targetHints":{"allow":["GET"]}}],"collection":[{"href":"https:\/\/www.hml-fetish.de\/shop\/wp-json\/wp\/v2\/product"}],"about":[{"href":"https:\/\/www.hml-fetish.de\/shop\/wp-json\/wp\/v2\/types\/product"}],"replies":[{"embeddable":true,"href":"https:\/\/www.hml-fetish.de\/shop\/wp-json\/wp\/v2\/comments?post=6504"}],"version-history":[{"count":0,"href":"https:\/\/www.hml-fetish.de\/shop\/wp-json\/wp\/v2\/product\/6504\/revisions"}],"wp:featuredmedia":[{"embeddable":true,"href":"https:\/\/www.hml-fetish.de\/shop\/wp-json\/wp\/v2\/media\/27081"}],"wp:attachment":[{"href":"https:\/\/www.hml-fetish.de\/shop\/wp-json\/wp\/v2\/media?parent=6504"}],"wp:term":[{"taxonomy":"product_brand","embeddable":true,"href":"https:\/\/www.hml-fetish.de\/shop\/wp-json\/wp\/v2\/product_brand?post=6504"},{"taxonomy":"product_cat","embeddable":true,"href":"https:\/\/www.hml-fetish.de\/shop\/wp-json\/wp\/v2\/product_cat?post=6504"},{"taxonomy":"product_tag","embeddable":true,"href":"https:\/\/www.hml-fetish.de\/shop\/wp-json\/wp\/v2\/product_tag?post=6504"}],"curies":[{"name":"wp","href":"https:\/\/api.w.org\/{rel}","templated":true}]}}