{"id":6501,"date":"2022-01-23T22:45:45","date_gmt":"2022-01-23T21:45:45","guid":{"rendered":"https:\/\/www.hml-fetish.de\/shop\/?post_type=product&#038;p=6501"},"modified":"2022-06-12T17:47:53","modified_gmt":"2022-06-12T15:47:53","slug":"spekulum","status":"publish","type":"product","link":"https:\/\/www.hml-fetish.de\/shop\/spekulum\/","title":{"rendered":"Spekulum"},"content":{"rendered":"<p><P>Auch bekannt als \u00bbEnten-Schnabel\u00ab, der Dehnungsapparat aus der proktologischen Praxis. Wir f\u00fchren ihn in zwei Gr\u00f6\u00dfen: mit einem 20 mm oder mit einem 40 mm breiten Schnabel.<\/P><\/p>\n","protected":false},"excerpt":{"rendered":"<h4>Spekulum<\/h4>\n<p><P>Auch bekannt als \u00bbEnten-Schnabel\u00ab, der Dehnungsapparat aus der proktologischen Praxis. In zwei Gr\u00f6\u00dfen: mit einem 20 mm oder mit einem 40 mm breiten Schnabel.<\/P><\/p>\n","protected":false},"featured_media":27126,"comment_status":"open","ping_status":"closed","template":"","meta":[],"product_brand":[],"product_cat":[136,135],"product_tag":[],"class_list":{"0":"post-6501","1":"product","2":"type-product","3":"status-publish","4":"has-post-thumbnail","6":"product_cat-klinik","7":"product_cat-toys","8":"product_shipping_class-paket","10":"first","11":"instock","12":"taxable","13":"shipping-taxable","14":"purchasable","15":"product-type-variable"},"_links":{"self":[{"href":"https:\/\/www.hml-fetish.de\/shop\/wp-json\/wp\/v2\/product\/6501","targetHints":{"allow":["GET"]}}],"collection":[{"href":"https:\/\/www.hml-fetish.de\/shop\/wp-json\/wp\/v2\/product"}],"about":[{"href":"https:\/\/www.hml-fetish.de\/shop\/wp-json\/wp\/v2\/types\/product"}],"replies":[{"embeddable":true,"href":"https:\/\/www.hml-fetish.de\/shop\/wp-json\/wp\/v2\/comments?post=6501"}],"version-history":[{"count":0,"href":"https:\/\/www.hml-fetish.de\/shop\/wp-json\/wp\/v2\/product\/6501\/revisions"}],"wp:featuredmedia":[{"embeddable":true,"href":"https:\/\/www.hml-fetish.de\/shop\/wp-json\/wp\/v2\/media\/27126"}],"wp:attachment":[{"href":"https:\/\/www.hml-fetish.de\/shop\/wp-json\/wp\/v2\/media?parent=6501"}],"wp:term":[{"taxonomy":"product_brand","embeddable":true,"href":"https:\/\/www.hml-fetish.de\/shop\/wp-json\/wp\/v2\/product_brand?post=6501"},{"taxonomy":"product_cat","embeddable":true,"href":"https:\/\/www.hml-fetish.de\/shop\/wp-json\/wp\/v2\/product_cat?post=6501"},{"taxonomy":"product_tag","embeddable":true,"href":"https:\/\/www.hml-fetish.de\/shop\/wp-json\/wp\/v2\/product_tag?post=6501"}],"curies":[{"name":"wp","href":"https:\/\/api.w.org\/{rel}","templated":true}]}}