{"id":6497,"date":"2022-01-23T22:45:25","date_gmt":"2022-01-23T21:45:25","guid":{"rendered":"https:\/\/www.hml-fetish.de\/shop\/?post_type=product&#038;p=6497"},"modified":"2024-11-25T08:43:12","modified_gmt":"2024-11-25T07:43:12","slug":"spuelstab-edelstahl","status":"publish","type":"product","link":"https:\/\/www.hml-fetish.de\/shop\/spuelstab-edelstahl\/","title":{"rendered":"Sp\u00fclstab Edelstahl"},"content":{"rendered":"<p><P>Handwerklich perfekt aus Edelstahl gefertigt. Mit einem 1\/2&#8243; Au\u00dfen-Gewinde, das f\u00fcr alle handels\u00fcblichen Duschschl\u00e4uche pa\u00dft. Der vorne runde Sp\u00fclstab hat 20 mm Durchmesser. Exklusive Gewinde ist die Analdusche ca. 140 mm lang. An der Spitze sind f\u00fcnf sauber gegl\u00e4ttete \u00d6ffnungen in den Stahl gefr\u00e4st, durch die du das k\u00f6rperwarme (!) Wasser str\u00f6men l\u00e4\u00dft.<\/P><\/p>\n","protected":false},"excerpt":{"rendered":"<h4>Sp\u00fclstab Edelstahl<\/h4>\n<p><P>Handwerklich perfekt aus Edelstahl gefertigt. Mit einem 1\/2&#8243; Au\u00dfen-Gewinde, das f\u00fcr alle handels\u00fcblichen Duschschl\u00e4uche pa\u00dft. Der vorne runde Sp\u00fclstab hat 20 mm Durchmesser. Exklusive Gewinde ist die Analdusche ca. 140 mm lang.<\/P><\/p>\n","protected":false},"featured_media":27183,"comment_status":"open","ping_status":"closed","template":"","meta":[],"product_brand":[],"product_cat":[136,95],"product_tag":[],"class_list":{"0":"post-6497","1":"product","2":"type-product","3":"status-publish","4":"has-post-thumbnail","6":"product_cat-klinik","7":"product_cat-bestseller","8":"product_shipping_class-brief","10":"first","11":"instock","12":"taxable","13":"shipping-taxable","14":"purchasable","15":"product-type-simple"},"_links":{"self":[{"href":"https:\/\/www.hml-fetish.de\/shop\/wp-json\/wp\/v2\/product\/6497","targetHints":{"allow":["GET"]}}],"collection":[{"href":"https:\/\/www.hml-fetish.de\/shop\/wp-json\/wp\/v2\/product"}],"about":[{"href":"https:\/\/www.hml-fetish.de\/shop\/wp-json\/wp\/v2\/types\/product"}],"replies":[{"embeddable":true,"href":"https:\/\/www.hml-fetish.de\/shop\/wp-json\/wp\/v2\/comments?post=6497"}],"version-history":[{"count":0,"href":"https:\/\/www.hml-fetish.de\/shop\/wp-json\/wp\/v2\/product\/6497\/revisions"}],"wp:featuredmedia":[{"embeddable":true,"href":"https:\/\/www.hml-fetish.de\/shop\/wp-json\/wp\/v2\/media\/27183"}],"wp:attachment":[{"href":"https:\/\/www.hml-fetish.de\/shop\/wp-json\/wp\/v2\/media?parent=6497"}],"wp:term":[{"taxonomy":"product_brand","embeddable":true,"href":"https:\/\/www.hml-fetish.de\/shop\/wp-json\/wp\/v2\/product_brand?post=6497"},{"taxonomy":"product_cat","embeddable":true,"href":"https:\/\/www.hml-fetish.de\/shop\/wp-json\/wp\/v2\/product_cat?post=6497"},{"taxonomy":"product_tag","embeddable":true,"href":"https:\/\/www.hml-fetish.de\/shop\/wp-json\/wp\/v2\/product_tag?post=6497"}],"curies":[{"name":"wp","href":"https:\/\/api.w.org\/{rel}","templated":true}]}}