{"id":6493,"date":"2022-01-23T22:45:24","date_gmt":"2022-01-23T21:45:24","guid":{"rendered":"https:\/\/www.hml-fetish.de\/shop\/?post_type=product&#038;p=6493"},"modified":"2022-06-13T13:59:55","modified_gmt":"2022-06-13T11:59:55","slug":"flashback-boxer","status":"publish","type":"product","link":"https:\/\/www.hml-fetish.de\/shop\/flashback-boxer\/","title":{"rendered":"Flashback Boxer"},"content":{"rendered":"<p><P>Eine sportlich kurze Boxer-Short von Andrew Christian mit doppeltem und besonders gro\u00dfem Beutel. Das Besondere hier ist, da\u00df (wie bei einem Jockstrap) unsichtbare B\u00e4nder Deine Pobacken heben und straffen. Wir wollten es zuerst nicht glauben, aber diese Hose funktioniert wirklich: Ein Knackarsch, selbst wenn Du von der Natur dort weniger reich bedacht wurdest als unsere Models. Alle Teile sind sauber vern\u00e4ht, mit Kontrastn\u00e4hten gesteppt und super modisch geschnitten.<\/P><br \/>\n<P>Gearbeitet in den USA und aus 90% Baumwolle und 10% Spandex. Bei 30 Grad in der Maschine waschbar. Restposten.<br \/>\n<BR><img decoding=\"async\" src=\"\/GIF\/size_unisex_sp.gif\" alt=\"Gr\u00f6\u00dfentabelle\" title=\"Gr\u00f6\u00dfentabelle\" border=\"0\" height=\"194\" width=\"114\"><\/P><\/p>\n","protected":false},"excerpt":{"rendered":"<h4>Flashback Boxer<\/h4>\n<p><P>Eine sportlich kurze Boxer-Short mit doppeltem und besonders gro\u00dfem Beutel. Das Besondere hier ist, da\u00df (wie bei einem Jockstrap) unsichtbare B\u00e4nder Deine Pobacken heben und straffen. Wir wollten es zuerst nicht glauben, aber diese Hose funktioniert wirklich: Ein Knackarsch, selbst wenn Du von der Natur dort weniger reich bedacht wurdest als unsere Models. Alle Teile sind sauber vern\u00e4ht, mit Kontrastn\u00e4hten gesteppt und super modisch geschnitten.<\/P><\/p>\n","protected":false},"featured_media":27229,"comment_status":"open","ping_status":"closed","template":"","meta":[],"product_brand":[],"product_cat":[118,108],"product_tag":[4317],"class_list":{"0":"post-6493","1":"product","2":"type-product","3":"status-publish","4":"has-post-thumbnail","6":"product_cat-sportswear","7":"product_cat-restposten-einzelstuecke","8":"product_tag-andrew-christian","9":"product_shipping_class-brief","11":"first","12":"instock","13":"sale","14":"taxable","15":"shipping-taxable","16":"purchasable","17":"product-type-variable"},"_links":{"self":[{"href":"https:\/\/www.hml-fetish.de\/shop\/wp-json\/wp\/v2\/product\/6493","targetHints":{"allow":["GET"]}}],"collection":[{"href":"https:\/\/www.hml-fetish.de\/shop\/wp-json\/wp\/v2\/product"}],"about":[{"href":"https:\/\/www.hml-fetish.de\/shop\/wp-json\/wp\/v2\/types\/product"}],"replies":[{"embeddable":true,"href":"https:\/\/www.hml-fetish.de\/shop\/wp-json\/wp\/v2\/comments?post=6493"}],"version-history":[{"count":0,"href":"https:\/\/www.hml-fetish.de\/shop\/wp-json\/wp\/v2\/product\/6493\/revisions"}],"wp:featuredmedia":[{"embeddable":true,"href":"https:\/\/www.hml-fetish.de\/shop\/wp-json\/wp\/v2\/media\/27229"}],"wp:attachment":[{"href":"https:\/\/www.hml-fetish.de\/shop\/wp-json\/wp\/v2\/media?parent=6493"}],"wp:term":[{"taxonomy":"product_brand","embeddable":true,"href":"https:\/\/www.hml-fetish.de\/shop\/wp-json\/wp\/v2\/product_brand?post=6493"},{"taxonomy":"product_cat","embeddable":true,"href":"https:\/\/www.hml-fetish.de\/shop\/wp-json\/wp\/v2\/product_cat?post=6493"},{"taxonomy":"product_tag","embeddable":true,"href":"https:\/\/www.hml-fetish.de\/shop\/wp-json\/wp\/v2\/product_tag?post=6493"}],"curies":[{"name":"wp","href":"https:\/\/api.w.org\/{rel}","templated":true}]}}