{"id":6489,"date":"2022-01-23T22:45:23","date_gmt":"2022-01-23T21:45:23","guid":{"rendered":"https:\/\/www.hml-fetish.de\/shop\/?post_type=product&#038;p=6489"},"modified":"2022-06-13T15:46:07","modified_gmt":"2022-06-13T13:46:07","slug":"dildo-63-mm","status":"publish","type":"product","link":"https:\/\/www.hml-fetish.de\/shop\/dildo-63-mm\/","title":{"rendered":"Dildo 63 mm"},"content":{"rendered":"<p><P>Gro\u00dfes kommt auf Dich zu. Wir k\u00f6nnen das sehen. N\u00e4mlich diesen 63 mm dicken, 290 mm langen Prachtkerl. Aus belastbaren Vinylkautschuk. Sch\u00f6n gestaltet, mit einer eher flachen Eichel, sehr fein detailliert mit Hautfalten und allem, und cut nat\u00fcrlich. Brauchst aber nicht neidisch werden. Oder w\u00fcrdest du gern ein ganzes Kilo mit dir rumschleppen?<\/P><\/p>\n","protected":false},"excerpt":{"rendered":"<h4>Dildo 63 mm<\/h4>\n<p><P>Gro\u00dfes kommt auf Dich zu. Wir k\u00f6nnen das sehen. N\u00e4mlich diesen 63 mm dicken, 290 mm langen Prachtkerl. Aus belastbarem Vinylkautschuk. Sch\u00f6n gestaltet, mit einer eher flachen Eichel, sehr fein detailliert mit Hautfalten und allem, und cut nat\u00fcrlich.<\/P><\/p>\n","protected":false},"featured_media":27297,"comment_status":"open","ping_status":"closed","template":"","meta":[],"product_brand":[],"product_cat":[131],"product_tag":[],"class_list":{"0":"post-6489","1":"product","2":"type-product","3":"status-publish","4":"has-post-thumbnail","6":"product_cat-dildos","7":"product_shipping_class-paket","9":"first","10":"instock","11":"taxable","12":"shipping-taxable","13":"purchasable","14":"product-type-simple"},"_links":{"self":[{"href":"https:\/\/www.hml-fetish.de\/shop\/wp-json\/wp\/v2\/product\/6489","targetHints":{"allow":["GET"]}}],"collection":[{"href":"https:\/\/www.hml-fetish.de\/shop\/wp-json\/wp\/v2\/product"}],"about":[{"href":"https:\/\/www.hml-fetish.de\/shop\/wp-json\/wp\/v2\/types\/product"}],"replies":[{"embeddable":true,"href":"https:\/\/www.hml-fetish.de\/shop\/wp-json\/wp\/v2\/comments?post=6489"}],"version-history":[{"count":0,"href":"https:\/\/www.hml-fetish.de\/shop\/wp-json\/wp\/v2\/product\/6489\/revisions"}],"wp:featuredmedia":[{"embeddable":true,"href":"https:\/\/www.hml-fetish.de\/shop\/wp-json\/wp\/v2\/media\/27297"}],"wp:attachment":[{"href":"https:\/\/www.hml-fetish.de\/shop\/wp-json\/wp\/v2\/media?parent=6489"}],"wp:term":[{"taxonomy":"product_brand","embeddable":true,"href":"https:\/\/www.hml-fetish.de\/shop\/wp-json\/wp\/v2\/product_brand?post=6489"},{"taxonomy":"product_cat","embeddable":true,"href":"https:\/\/www.hml-fetish.de\/shop\/wp-json\/wp\/v2\/product_cat?post=6489"},{"taxonomy":"product_tag","embeddable":true,"href":"https:\/\/www.hml-fetish.de\/shop\/wp-json\/wp\/v2\/product_tag?post=6489"}],"curies":[{"name":"wp","href":"https:\/\/api.w.org\/{rel}","templated":true}]}}