{"id":6484,"date":"2022-01-23T22:45:22","date_gmt":"2022-01-23T21:45:22","guid":{"rendered":"https:\/\/www.hml-fetish.de\/shop\/?post_type=product&#038;p=6484"},"modified":"2022-06-13T22:10:05","modified_gmt":"2022-06-13T20:10:05","slug":"design-dildo-64-mm","status":"publish","type":"product","link":"https:\/\/www.hml-fetish.de\/shop\/design-dildo-64-mm\/","title":{"rendered":"Design-Dildo 64 mm"},"content":{"rendered":"<p><P>Dieser Dildo bringt schon ein ordentliches Kaliber mit. Wenn er in Dich eindringt, wirst Du aber merken, da\u00df es dennoch verh\u00e4ltnism\u00e4\u00dfig einfach geht, denn durch die vielen Stufen gibt es gen\u00fcgend Unterhaltung auf dem Wege. Der Dildo ist 35 cm lang und steigert seinen Durchmesser von etwa 35 mm auf 64 mm.<\/P><\/p>\n","protected":false},"excerpt":{"rendered":"<h4>Design-Dildo 64 mm<\/h4>\n<p><P>Dieser Dildo bringt schon ein ordentliches Kaliber mit. Wenn er in Dich eindringt, wirst Du aber merken, da\u00df es dennoch verh\u00e4ltnism\u00e4\u00dfig einfach geht, denn durch die vielen Stufen gibt es gen\u00fcgend Unterhaltung auf dem Wege.<\/P><\/p>\n","protected":false},"featured_media":27381,"comment_status":"open","ping_status":"closed","template":"","meta":[],"product_brand":[],"product_cat":[131],"product_tag":[],"class_list":{"0":"post-6484","1":"product","2":"type-product","3":"status-publish","4":"has-post-thumbnail","6":"product_cat-dildos","7":"product_shipping_class-paket","9":"first","10":"instock","11":"taxable","12":"shipping-taxable","13":"purchasable","14":"product-type-simple"},"_links":{"self":[{"href":"https:\/\/www.hml-fetish.de\/shop\/wp-json\/wp\/v2\/product\/6484","targetHints":{"allow":["GET"]}}],"collection":[{"href":"https:\/\/www.hml-fetish.de\/shop\/wp-json\/wp\/v2\/product"}],"about":[{"href":"https:\/\/www.hml-fetish.de\/shop\/wp-json\/wp\/v2\/types\/product"}],"replies":[{"embeddable":true,"href":"https:\/\/www.hml-fetish.de\/shop\/wp-json\/wp\/v2\/comments?post=6484"}],"version-history":[{"count":0,"href":"https:\/\/www.hml-fetish.de\/shop\/wp-json\/wp\/v2\/product\/6484\/revisions"}],"wp:featuredmedia":[{"embeddable":true,"href":"https:\/\/www.hml-fetish.de\/shop\/wp-json\/wp\/v2\/media\/27381"}],"wp:attachment":[{"href":"https:\/\/www.hml-fetish.de\/shop\/wp-json\/wp\/v2\/media?parent=6484"}],"wp:term":[{"taxonomy":"product_brand","embeddable":true,"href":"https:\/\/www.hml-fetish.de\/shop\/wp-json\/wp\/v2\/product_brand?post=6484"},{"taxonomy":"product_cat","embeddable":true,"href":"https:\/\/www.hml-fetish.de\/shop\/wp-json\/wp\/v2\/product_cat?post=6484"},{"taxonomy":"product_tag","embeddable":true,"href":"https:\/\/www.hml-fetish.de\/shop\/wp-json\/wp\/v2\/product_tag?post=6484"}],"curies":[{"name":"wp","href":"https:\/\/api.w.org\/{rel}","templated":true}]}}