{"id":6483,"date":"2022-01-23T22:45:21","date_gmt":"2022-01-23T21:45:21","guid":{"rendered":"https:\/\/www.hml-fetish.de\/shop\/?post_type=product&#038;p=6483"},"modified":"2022-06-14T15:36:35","modified_gmt":"2022-06-14T13:36:35","slug":"design-dildo-45-mm","status":"publish","type":"product","link":"https:\/\/www.hml-fetish.de\/shop\/design-dildo-45-mm\/","title":{"rendered":"Design-Dildo 45 mm"},"content":{"rendered":"<p><P>Hier hat der Dildo-Designer mit optischen Zitaten aus dem technischen Bereich gearbeitet. Mit sechs aufeinander folgenden und nur leicht ansteigenden Stufen ist dieser Dildo aus elastischem Vinyl-Kautschuk das ideale Werkzeug f\u00fcr den Anf\u00e4nger. Du stehst nicht auf Dildos? Mit diesem Wohlf\u00fchl-Stab wird Dein Freund Dich leicht vom Gegenteil \u00fcberzeugen! L\u00e4nge 310 mm. Maximaler Durchmesser 45 mm.<\/P><\/p>\n","protected":false},"excerpt":{"rendered":"<h4>Design-Dildo 45 mm<\/h4>\n<p><P>Hier hat der Dildo-Designer mit optischen Zitaten aus dem technischen Bereich gearbeitet. Mit sechs aufeinander folgenden und nur leicht ansteigenden Stufen ist dieser Dildo aus elastischem Vinyl-Kautschuk das ideale Werkzeug f\u00fcr den Anf\u00e4nger.<\/P><\/p>\n","protected":false},"featured_media":27391,"comment_status":"open","ping_status":"closed","template":"","meta":[],"product_brand":[],"product_cat":[131],"product_tag":[],"class_list":{"0":"post-6483","1":"product","2":"type-product","3":"status-publish","4":"has-post-thumbnail","6":"product_cat-dildos","7":"product_shipping_class-paket","9":"first","10":"instock","11":"taxable","12":"shipping-taxable","13":"purchasable","14":"product-type-simple"},"_links":{"self":[{"href":"https:\/\/www.hml-fetish.de\/shop\/wp-json\/wp\/v2\/product\/6483","targetHints":{"allow":["GET"]}}],"collection":[{"href":"https:\/\/www.hml-fetish.de\/shop\/wp-json\/wp\/v2\/product"}],"about":[{"href":"https:\/\/www.hml-fetish.de\/shop\/wp-json\/wp\/v2\/types\/product"}],"replies":[{"embeddable":true,"href":"https:\/\/www.hml-fetish.de\/shop\/wp-json\/wp\/v2\/comments?post=6483"}],"version-history":[{"count":0,"href":"https:\/\/www.hml-fetish.de\/shop\/wp-json\/wp\/v2\/product\/6483\/revisions"}],"wp:featuredmedia":[{"embeddable":true,"href":"https:\/\/www.hml-fetish.de\/shop\/wp-json\/wp\/v2\/media\/27391"}],"wp:attachment":[{"href":"https:\/\/www.hml-fetish.de\/shop\/wp-json\/wp\/v2\/media?parent=6483"}],"wp:term":[{"taxonomy":"product_brand","embeddable":true,"href":"https:\/\/www.hml-fetish.de\/shop\/wp-json\/wp\/v2\/product_brand?post=6483"},{"taxonomy":"product_cat","embeddable":true,"href":"https:\/\/www.hml-fetish.de\/shop\/wp-json\/wp\/v2\/product_cat?post=6483"},{"taxonomy":"product_tag","embeddable":true,"href":"https:\/\/www.hml-fetish.de\/shop\/wp-json\/wp\/v2\/product_tag?post=6483"}],"curies":[{"name":"wp","href":"https:\/\/api.w.org\/{rel}","templated":true}]}}