{"id":6482,"date":"2022-01-23T22:45:21","date_gmt":"2022-01-23T21:45:21","guid":{"rendered":"https:\/\/www.hml-fetish.de\/shop\/?post_type=product&#038;p=6482"},"modified":"2024-11-25T08:43:12","modified_gmt":"2024-11-25T07:43:12","slug":"hand-dildo-65-mm","status":"publish","type":"product","link":"https:\/\/www.hml-fetish.de\/shop\/hand-dildo-65-mm\/","title":{"rendered":"Hand-Dildo 65 mm"},"content":{"rendered":"<p><P>Massiv aus Spezialkunststoff. Schwarz. Mit etwa 65 mm Durchmesser an der dicksten Stelle und ca. 210 mm L\u00e4nge (inkl. Saugfu\u00df) eine eher kleine Hand f\u00fcr gro\u00dfen Spa\u00df.<\/P><\/p>\n","protected":false},"excerpt":{"rendered":"<h4>Hand-Dildo 65 mm<\/h4>\n<p><P>Massiv aus Spezialkunststoff. Schwarz. Mit etwa 65 mm Durchmesser an der dicksten Stelle und ca. 210 mm L\u00e4nge (inkl. Saugfu\u00df) eine eher kleine Hand f\u00fcr gro\u00dfen Spa\u00df.<\/P><\/p>\n","protected":false},"featured_media":27400,"comment_status":"open","ping_status":"closed","template":"","meta":[],"product_brand":[],"product_cat":[131,139],"product_tag":[],"class_list":{"0":"post-6482","1":"product","2":"type-product","3":"status-publish","4":"has-post-thumbnail","6":"product_cat-dildos","7":"product_cat-plugs","8":"product_shipping_class-paket","10":"first","11":"instock","12":"taxable","13":"shipping-taxable","14":"purchasable","15":"product-type-simple"},"_links":{"self":[{"href":"https:\/\/www.hml-fetish.de\/shop\/wp-json\/wp\/v2\/product\/6482","targetHints":{"allow":["GET"]}}],"collection":[{"href":"https:\/\/www.hml-fetish.de\/shop\/wp-json\/wp\/v2\/product"}],"about":[{"href":"https:\/\/www.hml-fetish.de\/shop\/wp-json\/wp\/v2\/types\/product"}],"replies":[{"embeddable":true,"href":"https:\/\/www.hml-fetish.de\/shop\/wp-json\/wp\/v2\/comments?post=6482"}],"version-history":[{"count":0,"href":"https:\/\/www.hml-fetish.de\/shop\/wp-json\/wp\/v2\/product\/6482\/revisions"}],"wp:featuredmedia":[{"embeddable":true,"href":"https:\/\/www.hml-fetish.de\/shop\/wp-json\/wp\/v2\/media\/27400"}],"wp:attachment":[{"href":"https:\/\/www.hml-fetish.de\/shop\/wp-json\/wp\/v2\/media?parent=6482"}],"wp:term":[{"taxonomy":"product_brand","embeddable":true,"href":"https:\/\/www.hml-fetish.de\/shop\/wp-json\/wp\/v2\/product_brand?post=6482"},{"taxonomy":"product_cat","embeddable":true,"href":"https:\/\/www.hml-fetish.de\/shop\/wp-json\/wp\/v2\/product_cat?post=6482"},{"taxonomy":"product_tag","embeddable":true,"href":"https:\/\/www.hml-fetish.de\/shop\/wp-json\/wp\/v2\/product_tag?post=6482"}],"curies":[{"name":"wp","href":"https:\/\/api.w.org\/{rel}","templated":true}]}}