{"id":6481,"date":"2022-01-23T22:45:21","date_gmt":"2022-01-23T21:45:21","guid":{"rendered":"https:\/\/www.hml-fetish.de\/shop\/?post_type=product&#038;p=6481"},"modified":"2022-06-14T16:03:04","modified_gmt":"2022-06-14T14:03:04","slug":"dildo-47-mm-2","status":"publish","type":"product","link":"https:\/\/www.hml-fetish.de\/shop\/dildo-47-mm-2\/","title":{"rendered":"Dildo 47 mm"},"content":{"rendered":"<p><P>Einer mit den richtigen Ma\u00dfen und einer, der durchh\u00e4lt. Dieser hier mit seinen 47 mm Durchmesser und 200 mm L\u00e4nge ist da sehr geeignet. Massiv aus Vinylkautschuk, standhaft und gl\u00e4nzend tiefschwarz.<\/P><\/p>\n","protected":false},"excerpt":{"rendered":"<h4>Dildo 47 mm<\/h4>\n<p><P>Einer mit den richtigen Ma\u00dfen und einer, der durchh\u00e4lt. Dieser hier mit seinen 47 mm Durchmesser und 200 mm L\u00e4nge ist da sehr geeignet. Massiv aus Vinylkautschuk, standhaft und gl\u00e4nzend tiefschwarz.<\/P><\/p>\n","protected":false},"featured_media":27421,"comment_status":"open","ping_status":"closed","template":"","meta":[],"product_brand":[],"product_cat":[131],"product_tag":[],"class_list":{"0":"post-6481","1":"product","2":"type-product","3":"status-publish","4":"has-post-thumbnail","6":"product_cat-dildos","7":"product_shipping_class-paket","9":"first","10":"instock","11":"taxable","12":"shipping-taxable","13":"purchasable","14":"product-type-simple"},"_links":{"self":[{"href":"https:\/\/www.hml-fetish.de\/shop\/wp-json\/wp\/v2\/product\/6481","targetHints":{"allow":["GET"]}}],"collection":[{"href":"https:\/\/www.hml-fetish.de\/shop\/wp-json\/wp\/v2\/product"}],"about":[{"href":"https:\/\/www.hml-fetish.de\/shop\/wp-json\/wp\/v2\/types\/product"}],"replies":[{"embeddable":true,"href":"https:\/\/www.hml-fetish.de\/shop\/wp-json\/wp\/v2\/comments?post=6481"}],"version-history":[{"count":0,"href":"https:\/\/www.hml-fetish.de\/shop\/wp-json\/wp\/v2\/product\/6481\/revisions"}],"wp:featuredmedia":[{"embeddable":true,"href":"https:\/\/www.hml-fetish.de\/shop\/wp-json\/wp\/v2\/media\/27421"}],"wp:attachment":[{"href":"https:\/\/www.hml-fetish.de\/shop\/wp-json\/wp\/v2\/media?parent=6481"}],"wp:term":[{"taxonomy":"product_brand","embeddable":true,"href":"https:\/\/www.hml-fetish.de\/shop\/wp-json\/wp\/v2\/product_brand?post=6481"},{"taxonomy":"product_cat","embeddable":true,"href":"https:\/\/www.hml-fetish.de\/shop\/wp-json\/wp\/v2\/product_cat?post=6481"},{"taxonomy":"product_tag","embeddable":true,"href":"https:\/\/www.hml-fetish.de\/shop\/wp-json\/wp\/v2\/product_tag?post=6481"}],"curies":[{"name":"wp","href":"https:\/\/api.w.org\/{rel}","templated":true}]}}