{"id":6476,"date":"2022-01-23T22:45:19","date_gmt":"2022-01-23T21:45:19","guid":{"rendered":"https:\/\/www.hml-fetish.de\/shop\/?post_type=product&#038;p=6476"},"modified":"2022-06-14T17:23:18","modified_gmt":"2022-06-14T15:23:18","slug":"dildo-42-mm","status":"publish","type":"product","link":"https:\/\/www.hml-fetish.de\/shop\/dildo-42-mm\/","title":{"rendered":"Dildo 42 mm"},"content":{"rendered":"<p><P>Eine kr\u00e4ftige Gestalt mit einigen Adern und &#8216;nem ordenlichen Sack. Ein realit\u00e4tsnah geformter Dildo von schon ganz sch\u00f6nen 42 mm Durchmesser. Er ist insgesamt etwa 220 mm lang. Besteht aus dem speziellen Gummimaterial, ist etwas softer als Latex und noch stabiler als Vinyl.<\/P><\/p>\n","protected":false},"excerpt":{"rendered":"<h4>Dildo 42 mm<\/h4>\n<p><P>Eine kr\u00e4ftige Gestalt mit einigen Adern und &#8216;nem ordenlichen Sack. Ein realit\u00e4tsnah geformter Dildo von schon ganz sch\u00f6nen 42 mm Durchmesser. Er ist insgesamt etwa 220 mm lang. Besteht aus dem speziellen Gummimaterial, ist etwas softer als Latex und noch stabiler als Vinyl.<\/P><\/p>\n","protected":false},"featured_media":27480,"comment_status":"open","ping_status":"closed","template":"","meta":[],"product_brand":[],"product_cat":[131,95],"product_tag":[],"class_list":{"0":"post-6476","1":"product","2":"type-product","3":"status-publish","4":"has-post-thumbnail","6":"product_cat-dildos","7":"product_cat-bestseller","8":"product_shipping_class-paket","10":"first","11":"instock","12":"taxable","13":"shipping-taxable","14":"purchasable","15":"product-type-simple"},"_links":{"self":[{"href":"https:\/\/www.hml-fetish.de\/shop\/wp-json\/wp\/v2\/product\/6476","targetHints":{"allow":["GET"]}}],"collection":[{"href":"https:\/\/www.hml-fetish.de\/shop\/wp-json\/wp\/v2\/product"}],"about":[{"href":"https:\/\/www.hml-fetish.de\/shop\/wp-json\/wp\/v2\/types\/product"}],"replies":[{"embeddable":true,"href":"https:\/\/www.hml-fetish.de\/shop\/wp-json\/wp\/v2\/comments?post=6476"}],"version-history":[{"count":0,"href":"https:\/\/www.hml-fetish.de\/shop\/wp-json\/wp\/v2\/product\/6476\/revisions"}],"wp:featuredmedia":[{"embeddable":true,"href":"https:\/\/www.hml-fetish.de\/shop\/wp-json\/wp\/v2\/media\/27480"}],"wp:attachment":[{"href":"https:\/\/www.hml-fetish.de\/shop\/wp-json\/wp\/v2\/media?parent=6476"}],"wp:term":[{"taxonomy":"product_brand","embeddable":true,"href":"https:\/\/www.hml-fetish.de\/shop\/wp-json\/wp\/v2\/product_brand?post=6476"},{"taxonomy":"product_cat","embeddable":true,"href":"https:\/\/www.hml-fetish.de\/shop\/wp-json\/wp\/v2\/product_cat?post=6476"},{"taxonomy":"product_tag","embeddable":true,"href":"https:\/\/www.hml-fetish.de\/shop\/wp-json\/wp\/v2\/product_tag?post=6476"}],"curies":[{"name":"wp","href":"https:\/\/api.w.org\/{rel}","templated":true}]}}