{"id":6475,"date":"2022-01-23T22:45:18","date_gmt":"2022-01-23T21:45:18","guid":{"rendered":"https:\/\/www.hml-fetish.de\/shop\/?post_type=product&#038;p=6475"},"modified":"2022-06-14T17:54:37","modified_gmt":"2022-06-14T15:54:37","slug":"dildo-72-mm","status":"publish","type":"product","link":"https:\/\/www.hml-fetish.de\/shop\/dildo-72-mm\/","title":{"rendered":"Dildo 72 mm"},"content":{"rendered":"<p><P>Dieser Dildo ist ein richtig schweres Kaliber. Mit seinen 72 mm Durchmesser und 380 mm L\u00e4nge wiegt er \u00fcber drei Pfund! Stellst Du ihn auf eine glatte Unterlage, kippt er nicht um, denn an der Unterseite befindet sich ein kleiner Saugnapf. So kannst Du in aller Ruhe f\u00fcr die n\u00e4chste Fistparty trainieren. Das Material ist weich und seine markanten Querrillen massieren Deine Rosette \u00fcber den ganzen Schaft entlang, wenn Du auf ihm reitest.<\/P><\/p>\n","protected":false},"excerpt":{"rendered":"<h4>Dildo 72 mm<\/h4>\n<p><P>Dieser Dildo ist ein richtig schweres Kaliber. Mit seinen 72 mm Durchmesser und 380 mm L\u00e4nge wiegt er \u00fcber drei Pfund! Stellst Du ihn auf eine glatte Unterlage, kippt er nicht um, denn an der Unterseite befindet sich ein kleiner Saugnapf.<\/P><\/p>\n","protected":false},"featured_media":27495,"comment_status":"open","ping_status":"closed","template":"","meta":[],"product_brand":[],"product_cat":[131],"product_tag":[],"class_list":{"0":"post-6475","1":"product","2":"type-product","3":"status-publish","4":"has-post-thumbnail","6":"product_cat-dildos","7":"product_shipping_class-paket","9":"first","10":"instock","11":"taxable","12":"shipping-taxable","13":"purchasable","14":"product-type-simple"},"_links":{"self":[{"href":"https:\/\/www.hml-fetish.de\/shop\/wp-json\/wp\/v2\/product\/6475","targetHints":{"allow":["GET"]}}],"collection":[{"href":"https:\/\/www.hml-fetish.de\/shop\/wp-json\/wp\/v2\/product"}],"about":[{"href":"https:\/\/www.hml-fetish.de\/shop\/wp-json\/wp\/v2\/types\/product"}],"replies":[{"embeddable":true,"href":"https:\/\/www.hml-fetish.de\/shop\/wp-json\/wp\/v2\/comments?post=6475"}],"version-history":[{"count":0,"href":"https:\/\/www.hml-fetish.de\/shop\/wp-json\/wp\/v2\/product\/6475\/revisions"}],"wp:featuredmedia":[{"embeddable":true,"href":"https:\/\/www.hml-fetish.de\/shop\/wp-json\/wp\/v2\/media\/27495"}],"wp:attachment":[{"href":"https:\/\/www.hml-fetish.de\/shop\/wp-json\/wp\/v2\/media?parent=6475"}],"wp:term":[{"taxonomy":"product_brand","embeddable":true,"href":"https:\/\/www.hml-fetish.de\/shop\/wp-json\/wp\/v2\/product_brand?post=6475"},{"taxonomy":"product_cat","embeddable":true,"href":"https:\/\/www.hml-fetish.de\/shop\/wp-json\/wp\/v2\/product_cat?post=6475"},{"taxonomy":"product_tag","embeddable":true,"href":"https:\/\/www.hml-fetish.de\/shop\/wp-json\/wp\/v2\/product_tag?post=6475"}],"curies":[{"name":"wp","href":"https:\/\/api.w.org\/{rel}","templated":true}]}}