{"id":6467,"date":"2022-01-23T22:45:05","date_gmt":"2022-01-23T21:45:05","guid":{"rendered":"https:\/\/www.hml-fetish.de\/shop\/?post_type=product&#038;p=6467"},"modified":"2025-06-17T17:21:50","modified_gmt":"2025-06-17T15:21:50","slug":"baumwoll-seil-schwarz-20-m","status":"publish","type":"product","link":"https:\/\/www.hml-fetish.de\/shop\/baumwoll-seil-schwarz-20-m\/","title":{"rendered":"Baumwoll-Seil schwarz 20 m"},"content":{"rendered":"<p>Ein besonders langes, schwarzes Baumwollseil in 8 mm Dicke. Qualit\u00e4t, die h\u00e4lt. Du erh\u00e4ltst Dein Seil einsatzfertig mit versiegelten Enden in 20 m L\u00e4nge. Am besten vor dem ersten Einsatz bei 60 Grad waschen.<\/p>\n","protected":false},"excerpt":{"rendered":"<h4>Baumwoll-Seil schwarz 20 m<\/h4>\n<p>Ein besonders langes, schwarzes Baumwollseil in 8 mm Dicke. Qualit\u00e4t, die h\u00e4lt. Du erh\u00e4ltst Dein Seil einsatzfertig mit versiegelten Enden in 20 m L\u00e4nge. Am besten vor dem ersten Einsatz bei 60 Grad waschen.<\/p>\n","protected":false},"featured_media":37577,"comment_status":"open","ping_status":"closed","template":"","meta":[],"product_brand":[],"product_cat":[137,95,132],"product_tag":[],"class_list":{"0":"post-6467","1":"product","2":"type-product","3":"status-publish","4":"has-post-thumbnail","6":"product_cat-bondage","7":"product_cat-bestseller","8":"product_cat-dungeon","9":"product_shipping_class-paket","11":"first","12":"instock","13":"taxable","14":"shipping-taxable","15":"purchasable","16":"product-type-simple"},"_links":{"self":[{"href":"https:\/\/www.hml-fetish.de\/shop\/wp-json\/wp\/v2\/product\/6467","targetHints":{"allow":["GET"]}}],"collection":[{"href":"https:\/\/www.hml-fetish.de\/shop\/wp-json\/wp\/v2\/product"}],"about":[{"href":"https:\/\/www.hml-fetish.de\/shop\/wp-json\/wp\/v2\/types\/product"}],"replies":[{"embeddable":true,"href":"https:\/\/www.hml-fetish.de\/shop\/wp-json\/wp\/v2\/comments?post=6467"}],"version-history":[{"count":0,"href":"https:\/\/www.hml-fetish.de\/shop\/wp-json\/wp\/v2\/product\/6467\/revisions"}],"wp:featuredmedia":[{"embeddable":true,"href":"https:\/\/www.hml-fetish.de\/shop\/wp-json\/wp\/v2\/media\/37577"}],"wp:attachment":[{"href":"https:\/\/www.hml-fetish.de\/shop\/wp-json\/wp\/v2\/media?parent=6467"}],"wp:term":[{"taxonomy":"product_brand","embeddable":true,"href":"https:\/\/www.hml-fetish.de\/shop\/wp-json\/wp\/v2\/product_brand?post=6467"},{"taxonomy":"product_cat","embeddable":true,"href":"https:\/\/www.hml-fetish.de\/shop\/wp-json\/wp\/v2\/product_cat?post=6467"},{"taxonomy":"product_tag","embeddable":true,"href":"https:\/\/www.hml-fetish.de\/shop\/wp-json\/wp\/v2\/product_tag?post=6467"}],"curies":[{"name":"wp","href":"https:\/\/api.w.org\/{rel}","templated":true}]}}