{"id":6465,"date":"2022-01-23T22:45:04","date_gmt":"2022-01-23T21:45:04","guid":{"rendered":"https:\/\/www.hml-fetish.de\/shop\/?post_type=product&#038;p=6465"},"modified":"2022-06-16T14:49:12","modified_gmt":"2022-06-16T12:49:12","slug":"blind-hood-spandex","status":"publish","type":"product","link":"https:\/\/www.hml-fetish.de\/shop\/blind-hood-spandex\/","title":{"rendered":"Blind Hood Spandex"},"content":{"rendered":"<p><P>Die Sturmhaube Balaclava aus dehnbarem Gewebe. 100% Spandex, schwarz und in einer Universalgr\u00f6\u00dfe. Diese Maske besitzt gar keine \u00d6ffnungen und ist deswegen der perfekte Mundschutz. \u00dcber den Augen befinden sich Polster. Daher ist sie blickdicht und Du mu\u00dft Dich auf denjenigen verlassen, der sich gerade um Dein Wohlbefinden k\u00fcmmert\u2026<\/P><\/p>\n","protected":false},"excerpt":{"rendered":"<h4>Blind Hood Spandex<\/h4>\n<p><P>Die Sturmhaube Balaclava aus dehnbarem Gewebe. 100% Spandex, schwarz und in einer Universalgr\u00f6\u00dfe. Diese Maske besitzt gar keine \u00d6ffnungen und ist deswegen der perfekte Mundschutz.<\/P><\/p>\n","protected":false},"featured_media":27662,"comment_status":"open","ping_status":"closed","template":"","meta":[],"product_brand":[],"product_cat":[138,123,169,106],"product_tag":[],"class_list":{"0":"post-6465","1":"product","2":"type-product","3":"status-publish","4":"has-post-thumbnail","6":"product_cat-masken-etc","7":"product_cat-adult","8":"product_cat-army-accessoires","9":"product_cat-neu-bei-hml","10":"product_shipping_class-brief","12":"first","13":"instock","14":"taxable","15":"shipping-taxable","16":"purchasable","17":"product-type-simple"},"_links":{"self":[{"href":"https:\/\/www.hml-fetish.de\/shop\/wp-json\/wp\/v2\/product\/6465","targetHints":{"allow":["GET"]}}],"collection":[{"href":"https:\/\/www.hml-fetish.de\/shop\/wp-json\/wp\/v2\/product"}],"about":[{"href":"https:\/\/www.hml-fetish.de\/shop\/wp-json\/wp\/v2\/types\/product"}],"replies":[{"embeddable":true,"href":"https:\/\/www.hml-fetish.de\/shop\/wp-json\/wp\/v2\/comments?post=6465"}],"version-history":[{"count":0,"href":"https:\/\/www.hml-fetish.de\/shop\/wp-json\/wp\/v2\/product\/6465\/revisions"}],"wp:featuredmedia":[{"embeddable":true,"href":"https:\/\/www.hml-fetish.de\/shop\/wp-json\/wp\/v2\/media\/27662"}],"wp:attachment":[{"href":"https:\/\/www.hml-fetish.de\/shop\/wp-json\/wp\/v2\/media?parent=6465"}],"wp:term":[{"taxonomy":"product_brand","embeddable":true,"href":"https:\/\/www.hml-fetish.de\/shop\/wp-json\/wp\/v2\/product_brand?post=6465"},{"taxonomy":"product_cat","embeddable":true,"href":"https:\/\/www.hml-fetish.de\/shop\/wp-json\/wp\/v2\/product_cat?post=6465"},{"taxonomy":"product_tag","embeddable":true,"href":"https:\/\/www.hml-fetish.de\/shop\/wp-json\/wp\/v2\/product_tag?post=6465"}],"curies":[{"name":"wp","href":"https:\/\/api.w.org\/{rel}","templated":true}]}}