{"id":6463,"date":"2022-01-23T22:45:03","date_gmt":"2022-01-23T21:45:03","guid":{"rendered":"https:\/\/www.hml-fetish.de\/shop\/?post_type=product&#038;p=6463"},"modified":"2024-04-19T16:48:53","modified_gmt":"2024-04-19T14:48:53","slug":"titanmen-tool-4","status":"publish","type":"product","link":"https:\/\/www.hml-fetish.de\/shop\/titanmen-tool-4\/","title":{"rendered":"TitanMen Tool 4"},"content":{"rendered":"<p><P>Ein sch\u00f6n designter dreistufiger Plug f\u00fcr M\u00e4nner, die einen wegstecken k\u00f6nnen. Gefertigt aus phthalatfreiem, weichem PVC mit antibakterieller Sil-A-Gel Formel. Wir haben ihn als Trainer Tool mit einem maximalen Durchmesser von 52 mm bei einer L\u00e4nge von 125 mm am Lager. Es wiegt etwa 300 g. Dieser Plug ist f\u00fcr den Langzeiteinsatz gedacht und pa\u00dft auch in unseren Butt-Plug-Halter!<\/P><\/p>\n","protected":false},"excerpt":{"rendered":"<h4>TitanMen Tool 4<\/h4>\n<p><P>Ein sch\u00f6n designter dreistufiger Plug f\u00fcr M\u00e4nner, die einen wegstecken k\u00f6nnen. Gefertigt aus phthalatfreiem, weichem PVC mit antibakterieller Sil-A-Gel-Formel. Wir haben ihn als Trainer Tool mit einem maximalen Durchmesser von 52 mm bei einer L\u00e4nge von 125 mm am Lager.<\/P><\/p>\n","protected":false},"featured_media":27702,"comment_status":"open","ping_status":"closed","template":"","meta":[],"product_brand":[],"product_cat":[139,108],"product_tag":[],"class_list":{"0":"post-6463","1":"product","2":"type-product","3":"status-publish","4":"has-post-thumbnail","6":"product_cat-plugs","7":"product_cat-restposten-einzelstuecke","8":"product_shipping_class-paket","10":"first","11":"instock","12":"taxable","13":"shipping-taxable","14":"purchasable","15":"product-type-simple"},"_links":{"self":[{"href":"https:\/\/www.hml-fetish.de\/shop\/wp-json\/wp\/v2\/product\/6463","targetHints":{"allow":["GET"]}}],"collection":[{"href":"https:\/\/www.hml-fetish.de\/shop\/wp-json\/wp\/v2\/product"}],"about":[{"href":"https:\/\/www.hml-fetish.de\/shop\/wp-json\/wp\/v2\/types\/product"}],"replies":[{"embeddable":true,"href":"https:\/\/www.hml-fetish.de\/shop\/wp-json\/wp\/v2\/comments?post=6463"}],"version-history":[{"count":0,"href":"https:\/\/www.hml-fetish.de\/shop\/wp-json\/wp\/v2\/product\/6463\/revisions"}],"wp:featuredmedia":[{"embeddable":true,"href":"https:\/\/www.hml-fetish.de\/shop\/wp-json\/wp\/v2\/media\/27702"}],"wp:attachment":[{"href":"https:\/\/www.hml-fetish.de\/shop\/wp-json\/wp\/v2\/media?parent=6463"}],"wp:term":[{"taxonomy":"product_brand","embeddable":true,"href":"https:\/\/www.hml-fetish.de\/shop\/wp-json\/wp\/v2\/product_brand?post=6463"},{"taxonomy":"product_cat","embeddable":true,"href":"https:\/\/www.hml-fetish.de\/shop\/wp-json\/wp\/v2\/product_cat?post=6463"},{"taxonomy":"product_tag","embeddable":true,"href":"https:\/\/www.hml-fetish.de\/shop\/wp-json\/wp\/v2\/product_tag?post=6463"}],"curies":[{"name":"wp","href":"https:\/\/api.w.org\/{rel}","templated":true}]}}