{"id":6451,"date":"2022-01-23T22:44:58","date_gmt":"2022-01-23T21:44:58","guid":{"rendered":"https:\/\/www.hml-fetish.de\/shop\/?post_type=product&#038;p=6451"},"modified":"2024-01-07T11:03:05","modified_gmt":"2024-01-07T10:03:05","slug":"alpha-track-top-schwarz","status":"publish","type":"product","link":"https:\/\/www.hml-fetish.de\/shop\/alpha-track-top-schwarz\/","title":{"rendered":"Alpha Track-Top"},"content":{"rendered":"<p>Ein knackig figurbetontes Ripp-Top von Alpha Industries. Hergestellt aus 100% Baumwolle mit aufgedruckten Logos auf der Brust und zwischen den Schulterbl\u00e4ttern. In den Gr\u00f6\u00dfen von L bis XXL lieferbar (grau) oder in XXL (schwarz).<\/p>\n<p><img decoding=\"async\" title=\"Gr\u00f6\u00dfentabelle\" src=\"\/GIF\/size_unisex_sp.gif\" alt=\"Gr\u00f6\u00dfentabelle\" width=\"114\" height=\"194\" border=\"0\" \/><\/p>\n","protected":false},"excerpt":{"rendered":"<h4>Alpha Track-Top<\/h4>\n<p>Ein knackig figurbetontes Ripp-Top von Alpha Industries. Hergestellt aus 100% Baumwolle mit aufgedruckten Logos auf der Brust und zwischen den Schulterbl\u00e4ttern. In den Gr\u00f6\u00dfen von L bis XXL lieferbar.<\/p>\n","protected":false},"featured_media":27971,"comment_status":"open","ping_status":"closed","template":"","meta":[],"product_brand":[],"product_cat":[116,179,108],"product_tag":[],"class_list":{"0":"post-6451","1":"product","2":"type-product","3":"status-publish","4":"has-post-thumbnail","6":"product_cat-shirts-tops","7":"product_cat-kleidung","8":"product_cat-restposten-einzelstuecke","9":"product_shipping_class-brief","11":"first","12":"instock","13":"sale","14":"taxable","15":"shipping-taxable","16":"purchasable","17":"product-type-variable"},"_links":{"self":[{"href":"https:\/\/www.hml-fetish.de\/shop\/wp-json\/wp\/v2\/product\/6451","targetHints":{"allow":["GET"]}}],"collection":[{"href":"https:\/\/www.hml-fetish.de\/shop\/wp-json\/wp\/v2\/product"}],"about":[{"href":"https:\/\/www.hml-fetish.de\/shop\/wp-json\/wp\/v2\/types\/product"}],"replies":[{"embeddable":true,"href":"https:\/\/www.hml-fetish.de\/shop\/wp-json\/wp\/v2\/comments?post=6451"}],"version-history":[{"count":0,"href":"https:\/\/www.hml-fetish.de\/shop\/wp-json\/wp\/v2\/product\/6451\/revisions"}],"wp:featuredmedia":[{"embeddable":true,"href":"https:\/\/www.hml-fetish.de\/shop\/wp-json\/wp\/v2\/media\/27971"}],"wp:attachment":[{"href":"https:\/\/www.hml-fetish.de\/shop\/wp-json\/wp\/v2\/media?parent=6451"}],"wp:term":[{"taxonomy":"product_brand","embeddable":true,"href":"https:\/\/www.hml-fetish.de\/shop\/wp-json\/wp\/v2\/product_brand?post=6451"},{"taxonomy":"product_cat","embeddable":true,"href":"https:\/\/www.hml-fetish.de\/shop\/wp-json\/wp\/v2\/product_cat?post=6451"},{"taxonomy":"product_tag","embeddable":true,"href":"https:\/\/www.hml-fetish.de\/shop\/wp-json\/wp\/v2\/product_tag?post=6451"}],"curies":[{"name":"wp","href":"https:\/\/api.w.org\/{rel}","templated":true}]}}