{"id":6448,"date":"2022-01-23T22:44:57","date_gmt":"2022-01-23T21:44:57","guid":{"rendered":"https:\/\/www.hml-fetish.de\/shop\/?post_type=product&#038;p=6448"},"modified":"2023-01-06T12:00:22","modified_gmt":"2023-01-06T11:00:22","slug":"alpha-ma-1-bomberjacke-fuer-hunde","status":"publish","type":"product","link":"https:\/\/www.hml-fetish.de\/shop\/alpha-ma-1-bomberjacke-fuer-hunde\/","title":{"rendered":"Alpha MA-1 Bomberjacke f\u00fcr Hunde"},"content":{"rendered":"<p><P>Das Original von Alpha Industries, wohl der US Air Force Hauptlieferant: die ber\u00fchmte MA-1 Bomberjacke. Diese Version f\u00fcr den zivilen Gebrauch ist aus einem wasserabweisenden und winddichten Nylon Flight Satin Material f\u00fcr den Oberstoff. Au\u00dfen in US Air Force Gr\u00fcn. Innen ist die Jacke warn-orange. Diese Version f\u00fcr Deinen vierbeinigen Begleiter tr\u00e4gt auf dem R\u00fccken eine typische Pilotentasche und einen schicken schwarzen Aufn\u00e4her. Am Hals ist sie mit Druckkn\u00f6pfen verschlie\u00dfbar und verstellbar. Am Bauch mit einer praktischen Klett-Lasche.<\/P><br \/>\n<P>Es gibt sie in den Gr\u00f6\u00dfen von M bis 3XL mit folgenden Circa-Umfangs-Ma\u00dfen:<br \/>\n<BR>Gr\u00f6\u00dfe M \u2013 Bauch 45 cm bis 55 cm, Hals 30 cm bis 35 cm und 33 cm R\u00fcckenl\u00e4nge inklusive B\u00fcndchen<br \/>\n<BR>Gr\u00f6\u00dfe L \u2013 Bauch 50 cm bis 60 cm, Hals 35 cm bis 40 cm und 38 cm R\u00fcckenl\u00e4nge inklusive B\u00fcndchen<br \/>\n<BR>Gr\u00f6\u00dfe XL \u2013 Bauch 55 cm bis 65 cm, Hals 40 cm bis 45 cm und 43 cm R\u00fcckenl\u00e4nge inklusive B\u00fcndchen<br \/>\n<BR>Gr\u00f6\u00dfe XXL \u2013 Bauch 60 cm bis 70 cm, Hals 45 cm bis 50 cm und 48 cm R\u00fcckenl\u00e4nge inklusive B\u00fcndchen<br \/>\n<BR>Gr\u00f6\u00dfe 3XL \u2013 Bauch 65 cm bis 75 cm, Hals 50 cm bis 55 cm und 53 cm R\u00fcckenl\u00e4nge inklusive B\u00fcndchen<br \/>\n<BR><img decoding=\"async\" src=\"\/template\/tag_ALPHA.gif\" alt=\"Alpha Industries\" title=\"Alpha Industries\" border=\"0\" height=\"155\" width=\"95\"><\/P><\/p>\n","protected":false},"excerpt":{"rendered":"<h4>Alpha MA-1 Bomberjacke f\u00fcr Hunde<\/h4>\n<p><P>Das Original von Alpha Industries, wohl der US Air Force Hauptlieferant: die ber\u00fchmte MA-1 Bomberjacke. Diese Version f\u00fcr den zivilen Gebrauch ist aus einem wasserabweisenden und winddichten Nylon Flight Satin Material f\u00fcr den Oberstoff. Au\u00dfen in US Air Force Gr\u00fcn. Innen ist die Jacke warn-orange. Diese Version f\u00fcr Deinen vierbeinigen Begleiter tr\u00e4gt auf dem R\u00fccken eine typische Pilotentasche und einen schicken schwarzen Aufn\u00e4her. Am Hals ist sie mit Druckkn\u00f6pfen verschlie\u00dfbar und verstellbar. Am Bauch mit einer praktischen Klett-Lasche.<\/P><\/p>\n","protected":false},"featured_media":28037,"comment_status":"open","ping_status":"closed","template":"","meta":[],"product_brand":[],"product_cat":[170,105],"product_tag":[],"class_list":{"0":"post-6448","1":"product","2":"type-product","3":"status-publish","4":"has-post-thumbnail","6":"product_cat-army-kleidung","7":"product_cat-sonderangebote","8":"product_shipping_class-paket","10":"first","11":"instock","12":"sale","13":"taxable","14":"shipping-taxable","15":"purchasable","16":"product-type-variable"},"_links":{"self":[{"href":"https:\/\/www.hml-fetish.de\/shop\/wp-json\/wp\/v2\/product\/6448","targetHints":{"allow":["GET"]}}],"collection":[{"href":"https:\/\/www.hml-fetish.de\/shop\/wp-json\/wp\/v2\/product"}],"about":[{"href":"https:\/\/www.hml-fetish.de\/shop\/wp-json\/wp\/v2\/types\/product"}],"replies":[{"embeddable":true,"href":"https:\/\/www.hml-fetish.de\/shop\/wp-json\/wp\/v2\/comments?post=6448"}],"version-history":[{"count":0,"href":"https:\/\/www.hml-fetish.de\/shop\/wp-json\/wp\/v2\/product\/6448\/revisions"}],"wp:featuredmedia":[{"embeddable":true,"href":"https:\/\/www.hml-fetish.de\/shop\/wp-json\/wp\/v2\/media\/28037"}],"wp:attachment":[{"href":"https:\/\/www.hml-fetish.de\/shop\/wp-json\/wp\/v2\/media?parent=6448"}],"wp:term":[{"taxonomy":"product_brand","embeddable":true,"href":"https:\/\/www.hml-fetish.de\/shop\/wp-json\/wp\/v2\/product_brand?post=6448"},{"taxonomy":"product_cat","embeddable":true,"href":"https:\/\/www.hml-fetish.de\/shop\/wp-json\/wp\/v2\/product_cat?post=6448"},{"taxonomy":"product_tag","embeddable":true,"href":"https:\/\/www.hml-fetish.de\/shop\/wp-json\/wp\/v2\/product_tag?post=6448"}],"curies":[{"name":"wp","href":"https:\/\/api.w.org\/{rel}","templated":true}]}}