{"id":6446,"date":"2022-01-23T22:44:56","date_gmt":"2022-01-23T21:44:56","guid":{"rendered":"https:\/\/www.hml-fetish.de\/shop\/?post_type=product&#038;p=6446"},"modified":"2022-06-18T13:04:52","modified_gmt":"2022-06-18T11:04:52","slug":"elektro-dilatator","status":"publish","type":"product","link":"https:\/\/www.hml-fetish.de\/shop\/elektro-dilatator\/","title":{"rendered":"Elektro-Dilatator"},"content":{"rendered":"<p><P>Ein langer Stab f\u00fcr die Harnr\u00f6hre. Medizinisches, poliertes Aluminium und zweipolig elektrifiziert. Desinfiziere ihn und f\u00fchre ihn sch\u00f6n langsam und mit ein wenig wasserhaltigem(!) Gleitmittel ein. Dann spiele ein wenig an den Reglern Deines Reizstromger\u00e4tes und Du h\u00f6rst die Engel singen! Dieses Ger\u00e4t ben\u00f6tigt f\u00fcr die Stromversorgung das Reizstromger\u00e4t von Mystim. Es ist nicht im Preis enthalten! Erh\u00e4ltlich in 8 mm St\u00e4rke mit 3,5 mm Stereo-Klinken-Buchse und in 6 mm und 10 mm St\u00e4rke mit Mystim Rundstecker.<\/P><\/p>\n","protected":false},"excerpt":{"rendered":"<h4>Elektro-Dilatator<\/h4>\n<p><P>Ein langer Stab f\u00fcr die Harnr\u00f6hre. Medizinisches, poliertes Aluminium und zweipolig elektrifiziert. Desinfiziere ihn und f\u00fchre ihn sch\u00f6n langsam und mit ein wenig wasserhaltigem(!) Gleitmittel ein. Dann spiele ein wenig an den Reglern Deines Reizstromger\u00e4tes und Du h\u00f6rst die Engel singen!<\/P><\/p>\n","protected":false},"featured_media":28124,"comment_status":"open","ping_status":"closed","template":"","meta":[],"product_brand":[],"product_cat":[133],"product_tag":[],"class_list":{"0":"post-6446","1":"product","2":"type-product","3":"status-publish","4":"has-post-thumbnail","6":"product_cat-elektro","7":"product_shipping_class-brief","9":"first","10":"instock","11":"taxable","12":"shipping-taxable","13":"purchasable","14":"product-type-variable"},"_links":{"self":[{"href":"https:\/\/www.hml-fetish.de\/shop\/wp-json\/wp\/v2\/product\/6446","targetHints":{"allow":["GET"]}}],"collection":[{"href":"https:\/\/www.hml-fetish.de\/shop\/wp-json\/wp\/v2\/product"}],"about":[{"href":"https:\/\/www.hml-fetish.de\/shop\/wp-json\/wp\/v2\/types\/product"}],"replies":[{"embeddable":true,"href":"https:\/\/www.hml-fetish.de\/shop\/wp-json\/wp\/v2\/comments?post=6446"}],"version-history":[{"count":0,"href":"https:\/\/www.hml-fetish.de\/shop\/wp-json\/wp\/v2\/product\/6446\/revisions"}],"wp:featuredmedia":[{"embeddable":true,"href":"https:\/\/www.hml-fetish.de\/shop\/wp-json\/wp\/v2\/media\/28124"}],"wp:attachment":[{"href":"https:\/\/www.hml-fetish.de\/shop\/wp-json\/wp\/v2\/media?parent=6446"}],"wp:term":[{"taxonomy":"product_brand","embeddable":true,"href":"https:\/\/www.hml-fetish.de\/shop\/wp-json\/wp\/v2\/product_brand?post=6446"},{"taxonomy":"product_cat","embeddable":true,"href":"https:\/\/www.hml-fetish.de\/shop\/wp-json\/wp\/v2\/product_cat?post=6446"},{"taxonomy":"product_tag","embeddable":true,"href":"https:\/\/www.hml-fetish.de\/shop\/wp-json\/wp\/v2\/product_tag?post=6446"}],"curies":[{"name":"wp","href":"https:\/\/api.w.org\/{rel}","templated":true}]}}