{"id":6442,"date":"2022-01-23T22:44:54","date_gmt":"2022-01-23T21:44:54","guid":{"rendered":"https:\/\/www.hml-fetish.de\/shop\/?post_type=product&#038;p=6442"},"modified":"2025-08-06T16:47:29","modified_gmt":"2025-08-06T14:47:29","slug":"gummi-tank","status":"publish","type":"product","link":"https:\/\/www.hml-fetish.de\/shop\/gummi-tank\/","title":{"rendered":"Gummi Tank"},"content":{"rendered":"<p><P>Ein Tank-Top aus schwarzem Latex mit 0,35 mm St\u00e4rke. In den Gr\u00f6\u00dfen S, M, L, XL und XXL (+ 10 &euro;). Den geilen Glanz erzeugst du \u00fcbrigens mit einem unserer Gummi Pflegemittel.<br \/>\n<BR><img decoding=\"async\" src=\"\/GIF\/size_unisex_sp.gif\" alt=\"Gr\u00f6\u00dfentabelle\" title=\"Gr\u00f6\u00dfentabelle\" border=\"0\" height=\"194\" width=\"114\"><\/P><\/p>\n","protected":false},"excerpt":{"rendered":"<h4>Gummi Tank<\/h4>\n<p><P>Ein Tank-Top aus schwarzem Latex mit 0,35 mm St\u00e4rke. In den Gr\u00f6\u00dfen S, M, L, XL und XXL (+ 10 &euro;). Den geilen Glanz erzeugst du \u00fcbrigens mit einem unserer Gummi Pflegemittel.<\/P><\/p>\n","protected":false},"featured_media":28241,"comment_status":"open","ping_status":"closed","template":"","meta":[],"product_brand":[],"product_cat":[175],"product_tag":[],"class_list":{"0":"post-6442","1":"product","2":"type-product","3":"status-publish","4":"has-post-thumbnail","6":"product_cat-gummi-unterwaesche","7":"product_shipping_class-brief","9":"first","10":"instock","11":"taxable","12":"shipping-taxable","13":"purchasable","14":"product-type-variable"},"_links":{"self":[{"href":"https:\/\/www.hml-fetish.de\/shop\/wp-json\/wp\/v2\/product\/6442","targetHints":{"allow":["GET"]}}],"collection":[{"href":"https:\/\/www.hml-fetish.de\/shop\/wp-json\/wp\/v2\/product"}],"about":[{"href":"https:\/\/www.hml-fetish.de\/shop\/wp-json\/wp\/v2\/types\/product"}],"replies":[{"embeddable":true,"href":"https:\/\/www.hml-fetish.de\/shop\/wp-json\/wp\/v2\/comments?post=6442"}],"version-history":[{"count":0,"href":"https:\/\/www.hml-fetish.de\/shop\/wp-json\/wp\/v2\/product\/6442\/revisions"}],"wp:featuredmedia":[{"embeddable":true,"href":"https:\/\/www.hml-fetish.de\/shop\/wp-json\/wp\/v2\/media\/28241"}],"wp:attachment":[{"href":"https:\/\/www.hml-fetish.de\/shop\/wp-json\/wp\/v2\/media?parent=6442"}],"wp:term":[{"taxonomy":"product_brand","embeddable":true,"href":"https:\/\/www.hml-fetish.de\/shop\/wp-json\/wp\/v2\/product_brand?post=6442"},{"taxonomy":"product_cat","embeddable":true,"href":"https:\/\/www.hml-fetish.de\/shop\/wp-json\/wp\/v2\/product_cat?post=6442"},{"taxonomy":"product_tag","embeddable":true,"href":"https:\/\/www.hml-fetish.de\/shop\/wp-json\/wp\/v2\/product_tag?post=6442"}],"curies":[{"name":"wp","href":"https:\/\/api.w.org\/{rel}","templated":true}]}}