{"id":6438,"date":"2022-01-23T22:44:32","date_gmt":"2022-01-23T21:44:32","guid":{"rendered":"https:\/\/www.hml-fetish.de\/shop\/?post_type=product&#038;p=6438"},"modified":"2025-08-22T16:10:01","modified_gmt":"2025-08-22T14:10:01","slug":"dildo-48-mm","status":"publish","type":"product","link":"https:\/\/www.hml-fetish.de\/shop\/dildo-48-mm\/","title":{"rendered":"Dildo 48 mm"},"content":{"rendered":"<p><P>Gegossen aus schwarzem Vinylkautschuk, ca. 650 g schwer und etwa 230 mm lang ist dieser 48 mm starke Dildo nichts mehr f\u00fcr Anf\u00e4nger. Die Standfl\u00e4che ist eingew\u00f6lbt, so da\u00df ein leichter Saugnapfeffekt auf glatten Oberfl\u00e4chen entsteht.<\/P><\/p>\n","protected":false},"excerpt":{"rendered":"<h4>Dildo 48 mm<\/h4>\n<p><P>Gegossen aus schwarzem Vinylkautschuk, ca. 650 g schwer und etwa 230 mm lang ist dieser 48 mm starke Dildo nichts mehr f\u00fcr Anf\u00e4nger. Die Standfl\u00e4che ist eingew\u00f6lbt, so da\u00df ein leichter Saugnapfeffekt auf glatten Oberfl\u00e4chen entsteht.<\/P><\/p>\n","protected":false},"featured_media":28305,"comment_status":"open","ping_status":"closed","template":"","meta":[],"product_brand":[],"product_cat":[131],"product_tag":[],"class_list":{"0":"post-6438","1":"product","2":"type-product","3":"status-publish","4":"has-post-thumbnail","6":"product_cat-dildos","7":"product_shipping_class-paket","9":"first","10":"instock","11":"taxable","12":"shipping-taxable","13":"purchasable","14":"product-type-simple"},"_links":{"self":[{"href":"https:\/\/www.hml-fetish.de\/shop\/wp-json\/wp\/v2\/product\/6438","targetHints":{"allow":["GET"]}}],"collection":[{"href":"https:\/\/www.hml-fetish.de\/shop\/wp-json\/wp\/v2\/product"}],"about":[{"href":"https:\/\/www.hml-fetish.de\/shop\/wp-json\/wp\/v2\/types\/product"}],"replies":[{"embeddable":true,"href":"https:\/\/www.hml-fetish.de\/shop\/wp-json\/wp\/v2\/comments?post=6438"}],"version-history":[{"count":0,"href":"https:\/\/www.hml-fetish.de\/shop\/wp-json\/wp\/v2\/product\/6438\/revisions"}],"wp:featuredmedia":[{"embeddable":true,"href":"https:\/\/www.hml-fetish.de\/shop\/wp-json\/wp\/v2\/media\/28305"}],"wp:attachment":[{"href":"https:\/\/www.hml-fetish.de\/shop\/wp-json\/wp\/v2\/media?parent=6438"}],"wp:term":[{"taxonomy":"product_brand","embeddable":true,"href":"https:\/\/www.hml-fetish.de\/shop\/wp-json\/wp\/v2\/product_brand?post=6438"},{"taxonomy":"product_cat","embeddable":true,"href":"https:\/\/www.hml-fetish.de\/shop\/wp-json\/wp\/v2\/product_cat?post=6438"},{"taxonomy":"product_tag","embeddable":true,"href":"https:\/\/www.hml-fetish.de\/shop\/wp-json\/wp\/v2\/product_tag?post=6438"}],"curies":[{"name":"wp","href":"https:\/\/api.w.org\/{rel}","templated":true}]}}