{"id":6434,"date":"2022-01-23T22:44:30","date_gmt":"2022-01-23T21:44:30","guid":{"rendered":"https:\/\/www.hml-fetish.de\/shop\/?post_type=product&#038;p=6434"},"modified":"2024-11-25T08:43:13","modified_gmt":"2024-11-25T07:43:13","slug":"cock-lock","status":"publish","type":"product","link":"https:\/\/www.hml-fetish.de\/shop\/cock-lock\/","title":{"rendered":"Cock-Lock"},"content":{"rendered":"<p><P>Ein atemberaubend gutes Keuschheitsgeschirr. Hergestellt aus einem sehr elastischen Kunststoff, so da\u00df es wirklich jedem pa\u00dft. Entwickelt f\u00fcr Leute, die das Herumhantieren mit frickeligen Plastik- oder Metallteilen und klitzekleinen Schl\u00f6ssern leid sind. Du mu\u00dft es nur innen mit Gleitmittel benetzen und Deine Ger\u00e4te darin verstauen. Schon ist Deine Latte hilflos verpackt in ihrem neuen Heim. Das Atomic Jock Cock Lock hat eine kleine \u00d6ffnung zum Pissen an der Spitze.<\/P><\/p>\n","protected":false},"excerpt":{"rendered":"<h4>Cock-Lock<\/h4>\n<p><P>Ein atemberaubend gutes Keuschheitsgeschirr. Hergestellt aus einem sehr elastischen Kunststoff, so da\u00df es wirklich jedem pa\u00dft. Entwickelt f\u00fcr Leute, die das Herumhantieren mit frickeligen Plastik- oder Metallteilen und klitzekleinen Schl\u00f6ssern leid sind.<\/P><\/p>\n","protected":false},"featured_media":28340,"comment_status":"open","ping_status":"closed","template":"","meta":[],"product_brand":[],"product_cat":[135,144,106],"product_tag":[],"class_list":{"0":"post-6434","1":"product","2":"type-product","3":"status-publish","4":"has-post-thumbnail","6":"product_cat-toys","7":"product_cat-kondome-gleitmittel","8":"product_cat-neu-bei-hml","9":"product_shipping_class-paket","11":"first","12":"instock","13":"taxable","14":"shipping-taxable","15":"purchasable","16":"product-type-simple"},"_links":{"self":[{"href":"https:\/\/www.hml-fetish.de\/shop\/wp-json\/wp\/v2\/product\/6434","targetHints":{"allow":["GET"]}}],"collection":[{"href":"https:\/\/www.hml-fetish.de\/shop\/wp-json\/wp\/v2\/product"}],"about":[{"href":"https:\/\/www.hml-fetish.de\/shop\/wp-json\/wp\/v2\/types\/product"}],"replies":[{"embeddable":true,"href":"https:\/\/www.hml-fetish.de\/shop\/wp-json\/wp\/v2\/comments?post=6434"}],"version-history":[{"count":0,"href":"https:\/\/www.hml-fetish.de\/shop\/wp-json\/wp\/v2\/product\/6434\/revisions"}],"wp:featuredmedia":[{"embeddable":true,"href":"https:\/\/www.hml-fetish.de\/shop\/wp-json\/wp\/v2\/media\/28340"}],"wp:attachment":[{"href":"https:\/\/www.hml-fetish.de\/shop\/wp-json\/wp\/v2\/media?parent=6434"}],"wp:term":[{"taxonomy":"product_brand","embeddable":true,"href":"https:\/\/www.hml-fetish.de\/shop\/wp-json\/wp\/v2\/product_brand?post=6434"},{"taxonomy":"product_cat","embeddable":true,"href":"https:\/\/www.hml-fetish.de\/shop\/wp-json\/wp\/v2\/product_cat?post=6434"},{"taxonomy":"product_tag","embeddable":true,"href":"https:\/\/www.hml-fetish.de\/shop\/wp-json\/wp\/v2\/product_tag?post=6434"}],"curies":[{"name":"wp","href":"https:\/\/api.w.org\/{rel}","templated":true}]}}