{"id":6430,"date":"2022-01-23T22:44:28","date_gmt":"2022-01-23T21:44:28","guid":{"rendered":"https:\/\/www.hml-fetish.de\/shop\/?post_type=product&#038;p=6430"},"modified":"2026-02-17T14:14:51","modified_gmt":"2026-02-17T13:14:51","slug":"gummi-radler","status":"publish","type":"product","link":"https:\/\/www.hml-fetish.de\/shop\/gummi-radler\/","title":{"rendered":"Gummi Radler mit durchgehendem Rei\u00dfverschlu\u00df"},"content":{"rendered":"<p>Eine super knackige Radlerhose in schwarzem Latex. Das Material ist nur 0,35 mm dick, dadurch zeichnet sich jede Kurve und jede Beule deines K\u00f6rpers ab. Diese Gummi Radler hat einen von vorn bis hinten ganz durchlaufenden Rei\u00dfverschlu\u00df mit drei Zippern. Du kannst sie also auch an zwei Stellen \u00f6ffnen. Es gibt dieses hei\u00dfe H\u00f6schen nur noch in schlicht schwarz.<\/p>\n<p><img decoding=\"async\" title=\"Gr\u00f6\u00dfentabelle\" src=\"\/GIF\/size_unisex_sp.gif\" alt=\"Gr\u00f6\u00dfentabelle\" width=\"114\" height=\"194\" border=\"0\" \/><\/p>\n","protected":false},"excerpt":{"rendered":"<h4>Gummi Radler mit durchgehendem Rei\u00dfverschlu\u00df<\/h4>\n<p>Eine super knackige Radlerhose in schwarzem Latex. Das Material ist nur 0,35 mm dick, dadurch zeichnet sich jede Kurve und jede Beule deines K\u00f6rpers ab. Diese Gummi-Radler hat einen von vorn bis hinten ganz durchlaufenden Rei\u00dfverschlu\u00df mit drei Zippern. Du kannst sie also auch an zwei Stellen \u00f6ffnen.<\/p>\n","protected":false},"featured_media":28450,"comment_status":"open","ping_status":"closed","template":"","meta":[],"product_brand":[],"product_cat":[173,175,108,118],"product_tag":[],"class_list":{"0":"post-6430","1":"product","2":"type-product","3":"status-publish","4":"has-post-thumbnail","6":"product_cat-gummi-kleidung","7":"product_cat-gummi-unterwaesche","8":"product_cat-restposten-einzelstuecke","9":"product_cat-sportswear","10":"product_shipping_class-brief","12":"first","13":"instock","14":"sale","15":"taxable","16":"shipping-taxable","17":"purchasable","18":"product-type-variable"},"_links":{"self":[{"href":"https:\/\/www.hml-fetish.de\/shop\/wp-json\/wp\/v2\/product\/6430","targetHints":{"allow":["GET"]}}],"collection":[{"href":"https:\/\/www.hml-fetish.de\/shop\/wp-json\/wp\/v2\/product"}],"about":[{"href":"https:\/\/www.hml-fetish.de\/shop\/wp-json\/wp\/v2\/types\/product"}],"replies":[{"embeddable":true,"href":"https:\/\/www.hml-fetish.de\/shop\/wp-json\/wp\/v2\/comments?post=6430"}],"version-history":[{"count":0,"href":"https:\/\/www.hml-fetish.de\/shop\/wp-json\/wp\/v2\/product\/6430\/revisions"}],"wp:featuredmedia":[{"embeddable":true,"href":"https:\/\/www.hml-fetish.de\/shop\/wp-json\/wp\/v2\/media\/28450"}],"wp:attachment":[{"href":"https:\/\/www.hml-fetish.de\/shop\/wp-json\/wp\/v2\/media?parent=6430"}],"wp:term":[{"taxonomy":"product_brand","embeddable":true,"href":"https:\/\/www.hml-fetish.de\/shop\/wp-json\/wp\/v2\/product_brand?post=6430"},{"taxonomy":"product_cat","embeddable":true,"href":"https:\/\/www.hml-fetish.de\/shop\/wp-json\/wp\/v2\/product_cat?post=6430"},{"taxonomy":"product_tag","embeddable":true,"href":"https:\/\/www.hml-fetish.de\/shop\/wp-json\/wp\/v2\/product_tag?post=6430"}],"curies":[{"name":"wp","href":"https:\/\/api.w.org\/{rel}","templated":true}]}}