{"id":6424,"date":"2022-01-23T22:44:26","date_gmt":"2022-01-23T21:44:26","guid":{"rendered":"https:\/\/www.hml-fetish.de\/shop\/?post_type=product&#038;p=6424"},"modified":"2024-01-07T11:04:19","modified_gmt":"2024-01-07T10:04:19","slug":"alpha-twin-stripe-polo","status":"publish","type":"product","link":"https:\/\/www.hml-fetish.de\/shop\/alpha-twin-stripe-polo\/","title":{"rendered":"Alpha Twin-Stripe Polo grau-blau"},"content":{"rendered":"<p>Das typische Szene-Polo in der Version von Alpha-Industries. 100% Baumwolle mit aufgesticktem Brustlogo und nur zwei Kn\u00f6pfen \u2013 wie es sich f\u00fcr ein richtiges Polo geh\u00f6rt. Dieses Polo wird geliefert in grau mit blauem Brust-Logo sowie Kragen- und \u00c4rmelstreifen. Waschbar bei 30 Grad, aber vertr\u00e4gt keinen Trockner.<\/p>\n<p><img decoding=\"async\" title=\"Gr\u00f6\u00dfentabelle\" src=\"\/GIF\/size_unisex_sp.gif\" alt=\"Gr\u00f6\u00dfentabelle\" width=\"114\" height=\"194\" border=\"0\" \/><\/p>\n","protected":false},"excerpt":{"rendered":"<h4>Alpha Twin-Stripe Polo grau-blau<\/h4>\n<p>Das typische Szene-Polo in der Version von Alpha Industries. 100% Baumwolle mit aufgesticktem Brustlogo und nur zwei Kn\u00f6pfen \u2013 wie es sich f\u00fcr ein richtiges Polo geh\u00f6rt. Dieses Polo wird geliefert in grau mit blauem Brust-Logo sowie Kragen- und \u00c4rmelstreifen.<\/p>\n","protected":false},"featured_media":28628,"comment_status":"open","ping_status":"closed","template":"","meta":[],"product_brand":[],"product_cat":[179,108,116],"product_tag":[],"class_list":{"0":"post-6424","1":"product","2":"type-product","3":"status-publish","4":"has-post-thumbnail","6":"product_cat-kleidung","7":"product_cat-restposten-einzelstuecke","8":"product_cat-shirts-tops","9":"product_shipping_class-paket","11":"first","12":"instock","13":"sale","14":"taxable","15":"shipping-taxable","16":"purchasable","17":"product-type-variable"},"_links":{"self":[{"href":"https:\/\/www.hml-fetish.de\/shop\/wp-json\/wp\/v2\/product\/6424","targetHints":{"allow":["GET"]}}],"collection":[{"href":"https:\/\/www.hml-fetish.de\/shop\/wp-json\/wp\/v2\/product"}],"about":[{"href":"https:\/\/www.hml-fetish.de\/shop\/wp-json\/wp\/v2\/types\/product"}],"replies":[{"embeddable":true,"href":"https:\/\/www.hml-fetish.de\/shop\/wp-json\/wp\/v2\/comments?post=6424"}],"version-history":[{"count":0,"href":"https:\/\/www.hml-fetish.de\/shop\/wp-json\/wp\/v2\/product\/6424\/revisions"}],"wp:featuredmedia":[{"embeddable":true,"href":"https:\/\/www.hml-fetish.de\/shop\/wp-json\/wp\/v2\/media\/28628"}],"wp:attachment":[{"href":"https:\/\/www.hml-fetish.de\/shop\/wp-json\/wp\/v2\/media?parent=6424"}],"wp:term":[{"taxonomy":"product_brand","embeddable":true,"href":"https:\/\/www.hml-fetish.de\/shop\/wp-json\/wp\/v2\/product_brand?post=6424"},{"taxonomy":"product_cat","embeddable":true,"href":"https:\/\/www.hml-fetish.de\/shop\/wp-json\/wp\/v2\/product_cat?post=6424"},{"taxonomy":"product_tag","embeddable":true,"href":"https:\/\/www.hml-fetish.de\/shop\/wp-json\/wp\/v2\/product_tag?post=6424"}],"curies":[{"name":"wp","href":"https:\/\/api.w.org\/{rel}","templated":true}]}}