{"id":6423,"date":"2022-01-23T22:44:25","date_gmt":"2022-01-23T21:44:25","guid":{"rendered":"https:\/\/www.hml-fetish.de\/shop\/?post_type=product&#038;p=6423"},"modified":"2026-04-11T16:47:29","modified_gmt":"2026-04-11T14:47:29","slug":"bodywear-t-shirt","status":"publish","type":"product","link":"https:\/\/www.hml-fetish.de\/shop\/bodywear-t-shirt\/","title":{"rendered":"Bodywear T-Shirt"},"content":{"rendered":"<p>Ein etwas enger geschnittenes T-Shirt von Alpha Industries. Hergestellt aus 95% Baumwolle mit 5% Elasthan. Waschbar bei 40\u00b0C. Gute Verarbeitung mit doppelt abgen\u00e4hten B\u00fcndchen. Das Alpha Industries Logo ist mit zus\u00e4tzlichem Text innen unter den Kragen gedruckt, sowie auf den linken \u00c4rmel.<\/p>\n<p><img decoding=\"async\" title=\"Gr\u00f6\u00dfentabelle\" src=\"\/GIF\/size_unisex_sp.gif\" alt=\"Gr\u00f6\u00dfentabelle\" width=\"114\" height=\"194\" border=\"0\" \/><\/p>\n","protected":false},"excerpt":{"rendered":"<h4>Bodywear T-Shirt<\/h4>\n<p>Ein etwas enger geschnittenes T-Shirt von Alpha Industries. Hergestellt aus 95% Baumwolle mit 5% Elasthan. Waschbar bei 40\u00b0C. Gute Verarbeitung mit doppelt abgen\u00e4hten B\u00fcndchen. Das Alpha Industries Logo ist mit zus\u00e4tzlichem Text innen unter den Kragen gedruckt, sowie auf den linken \u00c4rmel.<\/p>\n","protected":false},"featured_media":28645,"comment_status":"open","ping_status":"closed","template":"","meta":[],"product_brand":[],"product_cat":[179,108,116],"product_tag":[],"class_list":{"0":"post-6423","1":"product","2":"type-product","3":"status-publish","4":"has-post-thumbnail","6":"product_cat-kleidung","7":"product_cat-restposten-einzelstuecke","8":"product_cat-shirts-tops","9":"product_shipping_class-brief","11":"first","12":"instock","13":"sale","14":"taxable","15":"shipping-taxable","16":"purchasable","17":"product-type-variable"},"_links":{"self":[{"href":"https:\/\/www.hml-fetish.de\/shop\/wp-json\/wp\/v2\/product\/6423","targetHints":{"allow":["GET"]}}],"collection":[{"href":"https:\/\/www.hml-fetish.de\/shop\/wp-json\/wp\/v2\/product"}],"about":[{"href":"https:\/\/www.hml-fetish.de\/shop\/wp-json\/wp\/v2\/types\/product"}],"replies":[{"embeddable":true,"href":"https:\/\/www.hml-fetish.de\/shop\/wp-json\/wp\/v2\/comments?post=6423"}],"version-history":[{"count":0,"href":"https:\/\/www.hml-fetish.de\/shop\/wp-json\/wp\/v2\/product\/6423\/revisions"}],"wp:featuredmedia":[{"embeddable":true,"href":"https:\/\/www.hml-fetish.de\/shop\/wp-json\/wp\/v2\/media\/28645"}],"wp:attachment":[{"href":"https:\/\/www.hml-fetish.de\/shop\/wp-json\/wp\/v2\/media?parent=6423"}],"wp:term":[{"taxonomy":"product_brand","embeddable":true,"href":"https:\/\/www.hml-fetish.de\/shop\/wp-json\/wp\/v2\/product_brand?post=6423"},{"taxonomy":"product_cat","embeddable":true,"href":"https:\/\/www.hml-fetish.de\/shop\/wp-json\/wp\/v2\/product_cat?post=6423"},{"taxonomy":"product_tag","embeddable":true,"href":"https:\/\/www.hml-fetish.de\/shop\/wp-json\/wp\/v2\/product_tag?post=6423"}],"curies":[{"name":"wp","href":"https:\/\/api.w.org\/{rel}","templated":true}]}}