{"id":6421,"date":"2022-01-23T22:44:24","date_gmt":"2022-01-23T21:44:24","guid":{"rendered":"https:\/\/www.hml-fetish.de\/shop\/?post_type=product&#038;p=6421"},"modified":"2023-01-05T15:46:07","modified_gmt":"2023-01-05T14:46:07","slug":"bodywear-boxer-brief-weiss","status":"publish","type":"product","link":"https:\/\/www.hml-fetish.de\/shop\/bodywear-boxer-brief-weiss\/","title":{"rendered":"Bodywear Boxer Brief wei\u00df"},"content":{"rendered":"<p><P>Eine extra kurze Boxer Short von Alpha Industries. Hergestellt aus 95% Baumwolle mit 5% Elasthan. Waschbar bei 40\u00b0C. Gute Verarbeitung mit doppelt abgen\u00e4hten B\u00fcndchen, gesteppten N\u00e4hten und im extra sexy \u2013 weil vorne ausgestelltem \u2013 Retro-Style. Das Alpha Industries Logo ist mit Schriftzug ins Bund eingewebt.<br \/>\n<BR><img decoding=\"async\" src=\"\/GIF\/size_unisex_sp.gif\" alt=\"Gr\u00f6\u00dfentabelle\" title=\"Gr\u00f6\u00dfentabelle\" border=\"0\" height=\"194\" width=\"114\">&nbsp;<img decoding=\"async\" src=\"\/template\/tag_ALPHA.gif\" alt=\"Alpha Industries\" title=\"Alpha Industries\" border=\"0\" height=\"155\" width=\"95\"><\/P><\/p>\n","protected":false},"excerpt":{"rendered":"<h4>Bodywear Boxer Brief wei\u00df<\/h4>\n<p><P>Eine extra kurze Boxer Short von Alpha Industries. Hergestellt aus 95% Baumwolle mit 5% Elasthan. Waschbar bei 40\u00b0C. Gute Verarbeitung mit doppelt abgen\u00e4hten B\u00fcndchen, gesteppten N\u00e4hten und im extra sexy \u2013 weil vorne ausgestelltem \u2013 Retro-Style. Das Alpha Industries Logo ist mit Schriftzug ins Bund eingewebt.<\/P><\/p>\n","protected":false},"featured_media":28704,"comment_status":"open","ping_status":"closed","template":"","meta":[],"product_brand":[],"product_cat":[117,108,118],"product_tag":[],"class_list":{"0":"post-6421","1":"product","2":"type-product","3":"status-publish","4":"has-post-thumbnail","6":"product_cat-slips-strings","7":"product_cat-restposten-einzelstuecke","8":"product_cat-sportswear","9":"product_shipping_class-brief","11":"first","12":"instock","13":"sale","14":"taxable","15":"shipping-taxable","16":"purchasable","17":"product-type-variable"},"_links":{"self":[{"href":"https:\/\/www.hml-fetish.de\/shop\/wp-json\/wp\/v2\/product\/6421","targetHints":{"allow":["GET"]}}],"collection":[{"href":"https:\/\/www.hml-fetish.de\/shop\/wp-json\/wp\/v2\/product"}],"about":[{"href":"https:\/\/www.hml-fetish.de\/shop\/wp-json\/wp\/v2\/types\/product"}],"replies":[{"embeddable":true,"href":"https:\/\/www.hml-fetish.de\/shop\/wp-json\/wp\/v2\/comments?post=6421"}],"version-history":[{"count":0,"href":"https:\/\/www.hml-fetish.de\/shop\/wp-json\/wp\/v2\/product\/6421\/revisions"}],"wp:featuredmedia":[{"embeddable":true,"href":"https:\/\/www.hml-fetish.de\/shop\/wp-json\/wp\/v2\/media\/28704"}],"wp:attachment":[{"href":"https:\/\/www.hml-fetish.de\/shop\/wp-json\/wp\/v2\/media?parent=6421"}],"wp:term":[{"taxonomy":"product_brand","embeddable":true,"href":"https:\/\/www.hml-fetish.de\/shop\/wp-json\/wp\/v2\/product_brand?post=6421"},{"taxonomy":"product_cat","embeddable":true,"href":"https:\/\/www.hml-fetish.de\/shop\/wp-json\/wp\/v2\/product_cat?post=6421"},{"taxonomy":"product_tag","embeddable":true,"href":"https:\/\/www.hml-fetish.de\/shop\/wp-json\/wp\/v2\/product_tag?post=6421"}],"curies":[{"name":"wp","href":"https:\/\/api.w.org\/{rel}","templated":true}]}}