{"id":6419,"date":"2022-01-23T22:44:24","date_gmt":"2022-01-23T21:44:24","guid":{"rendered":"https:\/\/www.hml-fetish.de\/shop\/?post_type=product&#038;p=6419"},"modified":"2024-06-04T15:21:33","modified_gmt":"2024-06-04T13:21:33","slug":"barcode-brief-brixton","status":"publish","type":"product","link":"https:\/\/www.hml-fetish.de\/shop\/barcode-brief-brixton\/","title":{"rendered":"barcode Brief Brixton"},"content":{"rendered":"<p><P>Dieser rote Slip mit wei\u00dfer Einfassung besitzt einen kontrastfarbigen blauen Beutel mit besonders viel Platz und am Arsch kr\u00e4ftig gef\u00e4rbte Baumwolle. Super sexy und sehr pflegeleicht! Materialmix: 95% Baumwolle, 5% Elasthan. Gr\u00f6\u00dfen S, M und L.<br \/>\n<BR><IMG SRC=\"\/template\/barcode.gif\" ALT=\"barcode Berlin\" TITLE=\"barcode Berlin\"><br \/>\n<BR><img decoding=\"async\" src=\"\/GIF\/size_unisex_sp.gif\" alt=\"Gr\u00f6\u00dfentabelle\" title=\"Gr\u00f6\u00dfentabelle\" border=\"0\" height=\"194\" width=\"114\"><\/P><\/p>\n","protected":false},"excerpt":{"rendered":"<h4>barcode Brief Brixton<\/h4>\n<p><P>Dieser rote Slip mit wei\u00dfer Einfassung besitzt einen kontrastfarbigen blauen Beutel mit besonders viel Platz und am Arsch kr\u00e4ftig gef\u00e4rbte Baumwolle. Super sexy und sehr pflegeleicht! Materialmix: 95% Baumwolle, 5% Elasthan. Gr\u00f6\u00dfen S, M und L.<\/P><\/p>\n","protected":false},"featured_media":28749,"comment_status":"open","ping_status":"closed","template":"","meta":[],"product_brand":[],"product_cat":[117,105],"product_tag":[],"class_list":{"0":"post-6419","1":"product","2":"type-product","3":"status-publish","4":"has-post-thumbnail","6":"product_cat-slips-strings","7":"product_cat-sonderangebote","8":"product_shipping_class-paket","10":"first","11":"instock","12":"sale","13":"taxable","14":"shipping-taxable","15":"purchasable","16":"product-type-variable"},"_links":{"self":[{"href":"https:\/\/www.hml-fetish.de\/shop\/wp-json\/wp\/v2\/product\/6419","targetHints":{"allow":["GET"]}}],"collection":[{"href":"https:\/\/www.hml-fetish.de\/shop\/wp-json\/wp\/v2\/product"}],"about":[{"href":"https:\/\/www.hml-fetish.de\/shop\/wp-json\/wp\/v2\/types\/product"}],"replies":[{"embeddable":true,"href":"https:\/\/www.hml-fetish.de\/shop\/wp-json\/wp\/v2\/comments?post=6419"}],"version-history":[{"count":0,"href":"https:\/\/www.hml-fetish.de\/shop\/wp-json\/wp\/v2\/product\/6419\/revisions"}],"wp:featuredmedia":[{"embeddable":true,"href":"https:\/\/www.hml-fetish.de\/shop\/wp-json\/wp\/v2\/media\/28749"}],"wp:attachment":[{"href":"https:\/\/www.hml-fetish.de\/shop\/wp-json\/wp\/v2\/media?parent=6419"}],"wp:term":[{"taxonomy":"product_brand","embeddable":true,"href":"https:\/\/www.hml-fetish.de\/shop\/wp-json\/wp\/v2\/product_brand?post=6419"},{"taxonomy":"product_cat","embeddable":true,"href":"https:\/\/www.hml-fetish.de\/shop\/wp-json\/wp\/v2\/product_cat?post=6419"},{"taxonomy":"product_tag","embeddable":true,"href":"https:\/\/www.hml-fetish.de\/shop\/wp-json\/wp\/v2\/product_tag?post=6419"}],"curies":[{"name":"wp","href":"https:\/\/api.w.org\/{rel}","templated":true}]}}