{"id":6411,"date":"2022-01-23T22:44:20","date_gmt":"2022-01-23T21:44:20","guid":{"rendered":"https:\/\/www.hml-fetish.de\/shop\/?post_type=product&#038;p=6411"},"modified":"2026-02-10T17:11:17","modified_gmt":"2026-02-10T16:11:17","slug":"grosser-koppel","status":"publish","type":"product","link":"https:\/\/www.hml-fetish.de\/shop\/grosser-koppel\/","title":{"rendered":"Gro\u00dfer Koppel"},"content":{"rendered":"<p><P>Dieses Set ist schwarz, 12-teilig und hat eine Polypropylen-Einlage. Es ist hergestellt aus stabilem Webg\u00fcrtelmaterial (100 % Nylon 1000 D) und beinhaltet ein umfangreiches Zubeh\u00f6r: Pistolenholster, 2 St. G\u00fcrtelhalter, Handytasche, Schlagstockhalter, Taschenlampen-Tasche, Schl\u00fcsselhalter, Verteidigungsspray-Tasche, Handschellenetui, Funkger\u00e4tehalter und eine doppelte Magazintasche. Universalgr\u00f6\u00dfe bis zur G\u00fcrtell\u00e4nge 120 cm.<\/P><\/p>\n","protected":false},"excerpt":{"rendered":"<h4>Gro\u00dfer Koppel<\/h4>\n<p><P>Dieses Set ist schwarz, 12-teilig und hat eine Polypropylen-Einlage. Es ist hergestellt aus stabilem Webg\u00fcrtelmaterial (100 % Nylon 1000 D) und beinhaltet ein umfangreiches Zubeh\u00f6r: Pistolenholster, 2 St. G\u00fcrtelhalter, Handytasche, Schlagstockhalter, Taschenlampen-Tasche, Schl\u00fcsselhalter, Verteidigungsspray-Tasche, Handschellenetui, Funkger\u00e4tehalter und eine doppelte Magazintasche.<\/P><\/p>\n","protected":false},"featured_media":28897,"comment_status":"open","ping_status":"closed","template":"","meta":[],"product_brand":[],"product_cat":[148,169],"product_tag":[4382],"class_list":{"0":"post-6411","1":"product","2":"type-product","3":"status-publish","4":"has-post-thumbnail","6":"product_cat-guertel-gurte","7":"product_cat-army-accessoires","8":"product_tag-bestseller-police","9":"product_shipping_class-paket","11":"first","12":"instock","13":"taxable","14":"shipping-taxable","15":"purchasable","16":"product-type-simple"},"_links":{"self":[{"href":"https:\/\/www.hml-fetish.de\/shop\/wp-json\/wp\/v2\/product\/6411","targetHints":{"allow":["GET"]}}],"collection":[{"href":"https:\/\/www.hml-fetish.de\/shop\/wp-json\/wp\/v2\/product"}],"about":[{"href":"https:\/\/www.hml-fetish.de\/shop\/wp-json\/wp\/v2\/types\/product"}],"replies":[{"embeddable":true,"href":"https:\/\/www.hml-fetish.de\/shop\/wp-json\/wp\/v2\/comments?post=6411"}],"version-history":[{"count":0,"href":"https:\/\/www.hml-fetish.de\/shop\/wp-json\/wp\/v2\/product\/6411\/revisions"}],"wp:featuredmedia":[{"embeddable":true,"href":"https:\/\/www.hml-fetish.de\/shop\/wp-json\/wp\/v2\/media\/28897"}],"wp:attachment":[{"href":"https:\/\/www.hml-fetish.de\/shop\/wp-json\/wp\/v2\/media?parent=6411"}],"wp:term":[{"taxonomy":"product_brand","embeddable":true,"href":"https:\/\/www.hml-fetish.de\/shop\/wp-json\/wp\/v2\/product_brand?post=6411"},{"taxonomy":"product_cat","embeddable":true,"href":"https:\/\/www.hml-fetish.de\/shop\/wp-json\/wp\/v2\/product_cat?post=6411"},{"taxonomy":"product_tag","embeddable":true,"href":"https:\/\/www.hml-fetish.de\/shop\/wp-json\/wp\/v2\/product_tag?post=6411"}],"curies":[{"name":"wp","href":"https:\/\/api.w.org\/{rel}","templated":true}]}}