{"id":6410,"date":"2022-01-23T22:44:20","date_gmt":"2022-01-23T21:44:20","guid":{"rendered":"https:\/\/www.hml-fetish.de\/shop\/?post_type=product&#038;p=6410"},"modified":"2024-11-25T08:43:15","modified_gmt":"2024-11-25T07:43:15","slug":"sturmhaube-baumwolle","status":"publish","type":"product","link":"https:\/\/www.hml-fetish.de\/shop\/sturmhaube-baumwolle\/","title":{"rendered":"Sturmhaube Baumwolle"},"content":{"rendered":"<p><P>Die Sturmhaube Balaclava aus d\u00fcnnem Material mit langem Halsbereich und \u00d6ffnungen f\u00fcr Augen und Mund. 100% Baumwolle, schwarz und in einer Universalgr\u00f6\u00dfe. Genutzt von SEKs, von Bankr\u00e4ubern und anderen Typen, denen man dann vielleicht doch lieber nicht begegnet w\u00e4re.<\/P><\/p>\n","protected":false},"excerpt":{"rendered":"<h4>Sturmhaube Baumwolle<\/h4>\n<p><P>Die Sturmhaube Balaclava aus d\u00fcnnem Material mit langem Halsbereich und \u00d6ffnungen f\u00fcr Augen und Mund. 100% Baumwolle, schwarz und in einer Universalgr\u00f6\u00dfe. Genutzt von SEKs, von Bankr\u00e4ubern und anderen Typen, denen man dann vielleicht doch lieber nicht begegnet w\u00e4re.<\/P><\/p>\n","protected":false},"featured_media":28922,"comment_status":"open","ping_status":"closed","template":"","meta":[],"product_brand":[],"product_cat":[171,169,95,138],"product_tag":[],"class_list":{"0":"post-6410","1":"product","2":"type-product","3":"status-publish","4":"has-post-thumbnail","6":"product_cat-army-boots-caps","7":"product_cat-army-accessoires","8":"product_cat-bestseller","9":"product_cat-masken-etc","10":"product_shipping_class-brief","12":"first","13":"instock","14":"taxable","15":"shipping-taxable","16":"purchasable","17":"product-type-simple"},"_links":{"self":[{"href":"https:\/\/www.hml-fetish.de\/shop\/wp-json\/wp\/v2\/product\/6410","targetHints":{"allow":["GET"]}}],"collection":[{"href":"https:\/\/www.hml-fetish.de\/shop\/wp-json\/wp\/v2\/product"}],"about":[{"href":"https:\/\/www.hml-fetish.de\/shop\/wp-json\/wp\/v2\/types\/product"}],"replies":[{"embeddable":true,"href":"https:\/\/www.hml-fetish.de\/shop\/wp-json\/wp\/v2\/comments?post=6410"}],"version-history":[{"count":0,"href":"https:\/\/www.hml-fetish.de\/shop\/wp-json\/wp\/v2\/product\/6410\/revisions"}],"wp:featuredmedia":[{"embeddable":true,"href":"https:\/\/www.hml-fetish.de\/shop\/wp-json\/wp\/v2\/media\/28922"}],"wp:attachment":[{"href":"https:\/\/www.hml-fetish.de\/shop\/wp-json\/wp\/v2\/media?parent=6410"}],"wp:term":[{"taxonomy":"product_brand","embeddable":true,"href":"https:\/\/www.hml-fetish.de\/shop\/wp-json\/wp\/v2\/product_brand?post=6410"},{"taxonomy":"product_cat","embeddable":true,"href":"https:\/\/www.hml-fetish.de\/shop\/wp-json\/wp\/v2\/product_cat?post=6410"},{"taxonomy":"product_tag","embeddable":true,"href":"https:\/\/www.hml-fetish.de\/shop\/wp-json\/wp\/v2\/product_tag?post=6410"}],"curies":[{"name":"wp","href":"https:\/\/api.w.org\/{rel}","templated":true}]}}