{"id":6408,"date":"2022-01-23T22:44:01","date_gmt":"2022-01-23T21:44:01","guid":{"rendered":"https:\/\/www.hml-fetish.de\/shop\/?post_type=product&#038;p=6408"},"modified":"2024-12-12T16:04:10","modified_gmt":"2024-12-12T15:04:10","slug":"gym-short-rubber-coat","status":"publish","type":"product","link":"https:\/\/www.hml-fetish.de\/shop\/gym-short-rubber-coat\/","title":{"rendered":"Gym Short rubber coat"},"content":{"rendered":"<p><P>Diese Boxer Short hat es in sich: au\u00dfen wasserabweisend gummiert und innen mit weichem Trikotstoff gef\u00fcttert. Besonders geil ist der Baumwoll-Mini-Slip, der innen unauff\u00e4llig Deinen Schwanz und die Eier umgibt. Damit sind die Weichteile gesch\u00fctzt und nicht gleich von au\u00dfen zug\u00e4nglich. Das kann auf dem CSD auch von Vorteil sein. Das Bund ist mit einer Kordel einstellbar.<\/P><br \/>\n<P>Auf beiden Arschbacken befinden sich kleine Au\u00dfentaschen, die rechte mit aufgen\u00e4htem barcode-Logo. Der Materialmix (53% Polyurethan \/ 47% Polyamid) ist bei 30 Grad waschbar und in Europa hergestellt. Die Hose ist au\u00dfen schwarz und mit Kontrastfarben eingefa\u00dft. Es gibt drei scharfe Farbkombis in jeweils vier Gr\u00f6\u00dfen.<br \/>\n<BR><IMG SRC=\"\/template\/barcode.gif\" ALT=\"barcode Berlin\" TITLE=\"barcode Berlin\"><br \/>\n<BR><img decoding=\"async\" src=\"\/GIF\/size_unisex_sp.gif\" alt=\"Gr\u00f6\u00dfentabelle\" title=\"Gr\u00f6\u00dfentabelle\" border=\"0\" height=\"194\" width=\"114\"><\/P><\/p>\n","protected":false},"excerpt":{"rendered":"<h4>Gym Short rubber coat<\/h4>\n<p><P>Diese Boxer Short hat es in sich: au\u00dfen wasserabweisend gummiert und innen mit weichem Trikotstoff gef\u00fcttert. Besonders geil ist der Baumwoll-Mini-Slip, der innen unauff\u00e4llig Deinen Schwanz und die Eier umgibt. Damit sind die Weichteile gesch\u00fctzt und nicht gleich von au\u00dfen zug\u00e4nglich. Das kann auf dem CSD auch von Vorteil sein. Das Bund ist mit einer Kordel einstellbar.<\/P><\/p>\n","protected":false},"featured_media":28951,"comment_status":"open","ping_status":"closed","template":"","meta":[],"product_brand":[],"product_cat":[118,175],"product_tag":[],"class_list":{"0":"post-6408","1":"product","2":"type-product","3":"status-publish","4":"has-post-thumbnail","6":"product_cat-sportswear","7":"product_cat-gummi-unterwaesche","8":"product_shipping_class-brief","10":"first","11":"instock","12":"sale","13":"taxable","14":"shipping-taxable","15":"purchasable","16":"product-type-variable"},"_links":{"self":[{"href":"https:\/\/www.hml-fetish.de\/shop\/wp-json\/wp\/v2\/product\/6408","targetHints":{"allow":["GET"]}}],"collection":[{"href":"https:\/\/www.hml-fetish.de\/shop\/wp-json\/wp\/v2\/product"}],"about":[{"href":"https:\/\/www.hml-fetish.de\/shop\/wp-json\/wp\/v2\/types\/product"}],"replies":[{"embeddable":true,"href":"https:\/\/www.hml-fetish.de\/shop\/wp-json\/wp\/v2\/comments?post=6408"}],"version-history":[{"count":0,"href":"https:\/\/www.hml-fetish.de\/shop\/wp-json\/wp\/v2\/product\/6408\/revisions"}],"wp:featuredmedia":[{"embeddable":true,"href":"https:\/\/www.hml-fetish.de\/shop\/wp-json\/wp\/v2\/media\/28951"}],"wp:attachment":[{"href":"https:\/\/www.hml-fetish.de\/shop\/wp-json\/wp\/v2\/media?parent=6408"}],"wp:term":[{"taxonomy":"product_brand","embeddable":true,"href":"https:\/\/www.hml-fetish.de\/shop\/wp-json\/wp\/v2\/product_brand?post=6408"},{"taxonomy":"product_cat","embeddable":true,"href":"https:\/\/www.hml-fetish.de\/shop\/wp-json\/wp\/v2\/product_cat?post=6408"},{"taxonomy":"product_tag","embeddable":true,"href":"https:\/\/www.hml-fetish.de\/shop\/wp-json\/wp\/v2\/product_tag?post=6408"}],"curies":[{"name":"wp","href":"https:\/\/api.w.org\/{rel}","templated":true}]}}