{"id":6405,"date":"2022-01-23T22:44:00","date_gmt":"2022-01-23T21:44:00","guid":{"rendered":"https:\/\/www.hml-fetish.de\/shop\/?post_type=product&#038;p=6405"},"modified":"2025-12-27T11:09:06","modified_gmt":"2025-12-27T10:09:06","slug":"trainer-mesh-shorts","status":"publish","type":"product","link":"https:\/\/www.hml-fetish.de\/shop\/trainer-mesh-shorts\/","title":{"rendered":"Trainer Mesh Shorts"},"content":{"rendered":"<p><P>Hei\u00dfe Sportshorts im Schnitt einer Boxer Short aus schwarzem Polyester Netzgewebe gen\u00e4ht und mit schicken Kontrastfarben eingefa\u00dft. Selbstverst\u00e4ndlich ohne Innenhose. So kann man durch das leicht transparente Material erahnen, was sich darunter verbirgt. Das macht den gemeinsamen Sport doch besonders spannend, oder?<\/P><br \/>\n<P>Auf der rechten Arschbacke befindet sich eine kleine Au\u00dfentasche mit aufgen\u00e4htem barcode-Logo. Es gibt zwei scharfe Farbkombis in jeweils vier Gr\u00f6\u00dfen.<br \/>\n<BR><IMG SRC=\"\/template\/barcode.gif\" ALT=\"barcode Berlin\" TITLE=\"barcode Berlin\"><br \/>\n<BR><img decoding=\"async\" src=\"\/GIF\/size_unisex_sp.gif\" alt=\"Gr\u00f6\u00dfentabelle\" title=\"Gr\u00f6\u00dfentabelle\" border=\"0\" height=\"194\" width=\"114\"><\/P><\/p>\n","protected":false},"excerpt":{"rendered":"<h4>Trainer Mesh Shorts<\/h4>\n<p><P>Hei\u00dfe Sportshorts im Schnitt einer Boxer Short aus schwarzem Polyester Netzgewebe gen\u00e4ht und mit schicken Kontrastfarben eingefa\u00dft. Selbstverst\u00e4ndlich ohne Innenhose. So kann man durch das leicht transparente Material erahnen, was sich darunter verbirgt. Das macht den gemeinsamen Sport doch besonders spannend, oder?<\/P><\/p>\n","protected":false},"featured_media":29018,"comment_status":"open","ping_status":"closed","template":"","meta":[],"product_brand":[],"product_cat":[118,105],"product_tag":[],"class_list":{"0":"post-6405","1":"product","2":"type-product","3":"status-publish","4":"has-post-thumbnail","6":"product_cat-sportswear","7":"product_cat-sonderangebote","8":"product_shipping_class-brief","10":"first","11":"instock","12":"sale","13":"taxable","14":"shipping-taxable","15":"purchasable","16":"product-type-variable"},"_links":{"self":[{"href":"https:\/\/www.hml-fetish.de\/shop\/wp-json\/wp\/v2\/product\/6405","targetHints":{"allow":["GET"]}}],"collection":[{"href":"https:\/\/www.hml-fetish.de\/shop\/wp-json\/wp\/v2\/product"}],"about":[{"href":"https:\/\/www.hml-fetish.de\/shop\/wp-json\/wp\/v2\/types\/product"}],"replies":[{"embeddable":true,"href":"https:\/\/www.hml-fetish.de\/shop\/wp-json\/wp\/v2\/comments?post=6405"}],"version-history":[{"count":0,"href":"https:\/\/www.hml-fetish.de\/shop\/wp-json\/wp\/v2\/product\/6405\/revisions"}],"wp:featuredmedia":[{"embeddable":true,"href":"https:\/\/www.hml-fetish.de\/shop\/wp-json\/wp\/v2\/media\/29018"}],"wp:attachment":[{"href":"https:\/\/www.hml-fetish.de\/shop\/wp-json\/wp\/v2\/media?parent=6405"}],"wp:term":[{"taxonomy":"product_brand","embeddable":true,"href":"https:\/\/www.hml-fetish.de\/shop\/wp-json\/wp\/v2\/product_brand?post=6405"},{"taxonomy":"product_cat","embeddable":true,"href":"https:\/\/www.hml-fetish.de\/shop\/wp-json\/wp\/v2\/product_cat?post=6405"},{"taxonomy":"product_tag","embeddable":true,"href":"https:\/\/www.hml-fetish.de\/shop\/wp-json\/wp\/v2\/product_tag?post=6405"}],"curies":[{"name":"wp","href":"https:\/\/api.w.org\/{rel}","templated":true}]}}