{"id":6398,"date":"2022-01-23T22:43:58","date_gmt":"2022-01-23T21:43:58","guid":{"rendered":"https:\/\/www.hml-fetish.de\/shop\/?post_type=product&#038;p=6398"},"modified":"2026-02-10T17:10:28","modified_gmt":"2026-02-10T16:10:28","slug":"panzerkombi-schwarz","status":"publish","type":"product","link":"https:\/\/www.hml-fetish.de\/shop\/panzerkombi-schwarz\/","title":{"rendered":"Panzerkombi schwarz"},"content":{"rendered":"<p><P>Ein Overall, wie er in dieser Art auch bei der Bundeswehr getragen wird. Herausnehmbare Unterziehkombi mit wattiertem Innenfutter. Der Frontrei\u00dfverschlu\u00df ist besonders lang und geht bis zum Schritt. Der Kragen schlie\u00dft bis oben (hochschlie\u00dfend). Der Kombi hat zwei Brust- und zwei seitliche Einschubtaschen. Arm- und Beinabschlu\u00df sind mit Klettstreifen anpa\u00dfbar. Andere Farben und Gr\u00f6\u00dfen (olivgr\u00fcn, flecktarn, navy-blau) und Gr\u00f6\u00dfen (bis 3XL) auf Anfrage. Lieferzeit ca. 1 Woche.<\/P><br \/>\n<P>Material: 65% Polyester, 35% Baumwolle; Innenteil: 100% Nylon; Futter: 100% Nylon; Wattierung: 100% Polyester; Kragen: 60% Baumwolle, 40% Polyester.<br \/>\n<BR><img decoding=\"async\" src=\"\/GIF\/size_unisex_up.gif\" alt=\"Gr\u00f6\u00dfentabelle\" title=\"Gr\u00f6\u00dfentabelle\" border=\"0\" height=\"194\" width=\"114\"><\/P><\/p>\n","protected":false},"excerpt":{"rendered":"<h4>Panzerkombi schwarz<\/h4>\n<p><P>Ein Overall, wie er in dieser Art auch bei der Bundeswehr getragen wird. Herausnehmbare Unterziehkombi mit wattiertem Innenfutter. Der Frontrei\u00dfverschlu\u00df ist besonders lang und geht bis zum Schritt. Der Kragen schlie\u00dft bis oben (hochschlie\u00dfend). Der Kombi hat zwei Brust- und zwei seitliche Einschubtaschen. Arm- und Beinabschlu\u00df sind mit Klettstreifen anpa\u00dfbar.<\/P><\/p>\n","protected":false},"featured_media":29114,"comment_status":"open","ping_status":"closed","template":"","meta":[],"product_brand":[],"product_cat":[170,179],"product_tag":[],"class_list":{"0":"post-6398","1":"product","2":"type-product","3":"status-publish","4":"has-post-thumbnail","6":"product_cat-army-kleidung","7":"product_cat-kleidung","8":"product_shipping_class-paket","10":"first","11":"instock","12":"taxable","13":"shipping-taxable","14":"purchasable","15":"product-type-variable"},"_links":{"self":[{"href":"https:\/\/www.hml-fetish.de\/shop\/wp-json\/wp\/v2\/product\/6398","targetHints":{"allow":["GET"]}}],"collection":[{"href":"https:\/\/www.hml-fetish.de\/shop\/wp-json\/wp\/v2\/product"}],"about":[{"href":"https:\/\/www.hml-fetish.de\/shop\/wp-json\/wp\/v2\/types\/product"}],"replies":[{"embeddable":true,"href":"https:\/\/www.hml-fetish.de\/shop\/wp-json\/wp\/v2\/comments?post=6398"}],"version-history":[{"count":0,"href":"https:\/\/www.hml-fetish.de\/shop\/wp-json\/wp\/v2\/product\/6398\/revisions"}],"wp:featuredmedia":[{"embeddable":true,"href":"https:\/\/www.hml-fetish.de\/shop\/wp-json\/wp\/v2\/media\/29114"}],"wp:attachment":[{"href":"https:\/\/www.hml-fetish.de\/shop\/wp-json\/wp\/v2\/media?parent=6398"}],"wp:term":[{"taxonomy":"product_brand","embeddable":true,"href":"https:\/\/www.hml-fetish.de\/shop\/wp-json\/wp\/v2\/product_brand?post=6398"},{"taxonomy":"product_cat","embeddable":true,"href":"https:\/\/www.hml-fetish.de\/shop\/wp-json\/wp\/v2\/product_cat?post=6398"},{"taxonomy":"product_tag","embeddable":true,"href":"https:\/\/www.hml-fetish.de\/shop\/wp-json\/wp\/v2\/product_tag?post=6398"}],"curies":[{"name":"wp","href":"https:\/\/api.w.org\/{rel}","templated":true}]}}