{"id":6396,"date":"2022-01-23T22:43:58","date_gmt":"2022-01-23T21:43:58","guid":{"rendered":"https:\/\/www.hml-fetish.de\/shop\/?post_type=product&#038;p=6396"},"modified":"2026-02-10T17:10:54","modified_gmt":"2026-02-10T16:10:54","slug":"leder-augenbinde","status":"publish","type":"product","link":"https:\/\/www.hml-fetish.de\/shop\/leder-augenbinde\/","title":{"rendered":"Leder Augenbinde"},"content":{"rendered":"<p><P>Diese Augenbinde  ist aus dickem, weichem Leder doppellagig gen\u00e4ht und im Augenbereich leicht gepolstert. Hinten ist sie mit einer Schnalle verstellbar und pa\u00dft f\u00fcr alle Herrengr\u00f6\u00dfen.<\/P><\/p>\n","protected":false},"excerpt":{"rendered":"<h4>Leder Augenbinde<\/h4>\n<p><P>Diese Augenbinde  ist aus dickem, weichem Leder doppellagig gen\u00e4ht und im Augenbereich leicht gepolstert. Hinten ist sie mit einer Schnalle verstellbar und pa\u00dft f\u00fcr alle Herrengr\u00f6\u00dfen.<\/P><\/p>\n","protected":false},"featured_media":29146,"comment_status":"open","ping_status":"closed","template":"","meta":[],"product_brand":[],"product_cat":[151,138],"product_tag":[],"class_list":{"0":"post-6396","1":"product","2":"type-product","3":"status-publish","4":"has-post-thumbnail","6":"product_cat-accessoires-2","7":"product_cat-masken-etc","8":"product_shipping_class-brief","10":"first","11":"instock","12":"taxable","13":"shipping-taxable","14":"purchasable","15":"product-type-simple"},"_links":{"self":[{"href":"https:\/\/www.hml-fetish.de\/shop\/wp-json\/wp\/v2\/product\/6396","targetHints":{"allow":["GET"]}}],"collection":[{"href":"https:\/\/www.hml-fetish.de\/shop\/wp-json\/wp\/v2\/product"}],"about":[{"href":"https:\/\/www.hml-fetish.de\/shop\/wp-json\/wp\/v2\/types\/product"}],"replies":[{"embeddable":true,"href":"https:\/\/www.hml-fetish.de\/shop\/wp-json\/wp\/v2\/comments?post=6396"}],"version-history":[{"count":0,"href":"https:\/\/www.hml-fetish.de\/shop\/wp-json\/wp\/v2\/product\/6396\/revisions"}],"wp:featuredmedia":[{"embeddable":true,"href":"https:\/\/www.hml-fetish.de\/shop\/wp-json\/wp\/v2\/media\/29146"}],"wp:attachment":[{"href":"https:\/\/www.hml-fetish.de\/shop\/wp-json\/wp\/v2\/media?parent=6396"}],"wp:term":[{"taxonomy":"product_brand","embeddable":true,"href":"https:\/\/www.hml-fetish.de\/shop\/wp-json\/wp\/v2\/product_brand?post=6396"},{"taxonomy":"product_cat","embeddable":true,"href":"https:\/\/www.hml-fetish.de\/shop\/wp-json\/wp\/v2\/product_cat?post=6396"},{"taxonomy":"product_tag","embeddable":true,"href":"https:\/\/www.hml-fetish.de\/shop\/wp-json\/wp\/v2\/product_tag?post=6396"}],"curies":[{"name":"wp","href":"https:\/\/api.w.org\/{rel}","templated":true}]}}