{"id":6393,"date":"2022-01-23T22:43:57","date_gmt":"2022-01-23T21:43:57","guid":{"rendered":"https:\/\/www.hml-fetish.de\/shop\/?post_type=product&#038;p=6393"},"modified":"2023-08-17T15:58:44","modified_gmt":"2023-08-17T13:58:44","slug":"schwere-leder-peitsche","status":"publish","type":"product","link":"https:\/\/www.hml-fetish.de\/shop\/schwere-leder-peitsche\/","title":{"rendered":"Schwere Leder-Peitsche"},"content":{"rendered":"<p><P>Diese Peitsche hat einen lackierten und glatt polierten Holzgriff und eine Halteschlaufe und ist etwa 80 cm lang. Die Besonderheit dieser Peitsche ist das dicke Leder der Riemen. Sie haben einen viereckigen Querschnitt von ca. 4 mm. Die Peitsche liegt dadurch besonders schwer in der Hand und zieht ordentlich durch. Damit kannst Du richtig fette Striemen machen, wenn Dein Partner das braucht und mal wieder um mehr bettelt!<\/P><br \/>\n<P>Im Mittelalter sind die Flagellanten mit solchen Gei\u00dfeln durch die Stra\u00dfen zu ihrer Kathedrale gezogen und haben sich auf dem Weg dorthin mit dem Werkzeug Gottes den R\u00fccken blutig geschlagen, in der Hoffnung, Abla\u00df von ihren S\u00fcnden zu erhalten. Heute w\u00fcnscht man sich, gewisse Kreise h\u00e4tten diese segensreiche Tradition beibehalten.<\/P><\/p>\n","protected":false},"excerpt":{"rendered":"<h4>Schwere Leder-Peitsche<\/h4>\n<p><P>Diese Peitsche hat einen lackierten und glatt polierten Holzgriff und eine Halteschlaufe und ist etwa 80 cm lang. Die Besonderheit dieser Peitsche ist das dicke Leder der Riemen. Sie haben einen viereckigen Querschnitt von ca. 4 mm. Die Peitsche liegt dadurch besonders schwer in der Hand und zieht ordentlich durch.<\/P><\/p>\n","protected":false},"featured_media":29189,"comment_status":"open","ping_status":"closed","template":"","meta":[],"product_brand":[],"product_cat":[134,95],"product_tag":[4368],"class_list":{"0":"post-6393","1":"product","2":"type-product","3":"status-publish","4":"has-post-thumbnail","6":"product_cat-flag","7":"product_cat-bestseller","8":"product_tag-bestseller-toys-bdsm","9":"product_shipping_class-paket","11":"first","12":"instock","13":"taxable","14":"shipping-taxable","15":"purchasable","16":"product-type-simple"},"_links":{"self":[{"href":"https:\/\/www.hml-fetish.de\/shop\/wp-json\/wp\/v2\/product\/6393","targetHints":{"allow":["GET"]}}],"collection":[{"href":"https:\/\/www.hml-fetish.de\/shop\/wp-json\/wp\/v2\/product"}],"about":[{"href":"https:\/\/www.hml-fetish.de\/shop\/wp-json\/wp\/v2\/types\/product"}],"replies":[{"embeddable":true,"href":"https:\/\/www.hml-fetish.de\/shop\/wp-json\/wp\/v2\/comments?post=6393"}],"version-history":[{"count":0,"href":"https:\/\/www.hml-fetish.de\/shop\/wp-json\/wp\/v2\/product\/6393\/revisions"}],"wp:featuredmedia":[{"embeddable":true,"href":"https:\/\/www.hml-fetish.de\/shop\/wp-json\/wp\/v2\/media\/29189"}],"wp:attachment":[{"href":"https:\/\/www.hml-fetish.de\/shop\/wp-json\/wp\/v2\/media?parent=6393"}],"wp:term":[{"taxonomy":"product_brand","embeddable":true,"href":"https:\/\/www.hml-fetish.de\/shop\/wp-json\/wp\/v2\/product_brand?post=6393"},{"taxonomy":"product_cat","embeddable":true,"href":"https:\/\/www.hml-fetish.de\/shop\/wp-json\/wp\/v2\/product_cat?post=6393"},{"taxonomy":"product_tag","embeddable":true,"href":"https:\/\/www.hml-fetish.de\/shop\/wp-json\/wp\/v2\/product_tag?post=6393"}],"curies":[{"name":"wp","href":"https:\/\/api.w.org\/{rel}","templated":true}]}}