{"id":6391,"date":"2022-01-23T22:43:57","date_gmt":"2022-01-23T21:43:57","guid":{"rendered":"https:\/\/www.hml-fetish.de\/shop\/?post_type=product&#038;p=6391"},"modified":"2022-11-14T13:00:42","modified_gmt":"2022-11-14T12:00:42","slug":"leder-peitsche-mit-kugelgriff","status":"publish","type":"product","link":"https:\/\/www.hml-fetish.de\/shop\/leder-peitsche-mit-kugelgriff\/","title":{"rendered":"Leder Peitsche mit Kugelgriff"},"content":{"rendered":"<p><P>Etwa 15 Schw\u00e4nze, je ca. 6 mm breit und 45 cm lang (Gesamtl\u00e4nge ca. 60 cm). Die Str\u00e4nge sind aus 2 mm dickem Blankleder und richtig stabil. Insgesamt ist dies eine eher leichte Peitsche zum Vorw\u00e4rmen und eine, die kaum Spuren hinterl\u00e4\u00dft. Der Griff ist sauber und glatt gedrechselt und sorgf\u00e4ltig in schwarz lackiert. Dieses Ger\u00e4t pa\u00dft nicht nur auf Deinen Arsch, sondern auch perfekt hinein! Inklusive einer Halteschlaufe mit Karabiner.<\/P><br \/>\n<P>Im Mittelalter sind die Flagellanten mit solchen Gei\u00dfeln (naja, vielleicht nicht mit genau diesem Modell, das sich auch f\u00fcr andere Anwendungen eignet) durch die Stra\u00dfen zu ihrer Kathedrale gezogen und haben sich auf dem Weg dorthin mit dem Werkzeug Gottes den R\u00fccken blutig geschlagen, in der Hoffnung, Abla\u00df von ihren S\u00fcnden zu erhalten. Heute w\u00fcnscht man sich, gewisse Kreise h\u00e4tten diese segensreiche Tradition beibehalten.<\/P><\/p>\n","protected":false},"excerpt":{"rendered":"<h4>Leder Peitsche mit Kugelgriff<\/h4>\n<p><P>Etwa 15 Schw\u00e4nze, je ca. 6 mm breit und 45 cm lang (Gesamtl\u00e4nge ca. 60 cm). Die Str\u00e4nge sind aus 2 mm dickem Blankleder und richtig stabil. Insgesamt ist dies eine eher leichte Peitsche zum Vorw\u00e4rmen und eine, die kaum Spuren hinterl\u00e4\u00dft.<\/P><\/p>\n","protected":false},"featured_media":29210,"comment_status":"open","ping_status":"closed","template":"","meta":[],"product_brand":[],"product_cat":[139,134,143],"product_tag":[],"class_list":{"0":"post-6391","1":"product","2":"type-product","3":"status-publish","4":"has-post-thumbnail","6":"product_cat-plugs","7":"product_cat-flag","8":"product_cat-petplay","9":"product_shipping_class-paket","11":"first","12":"instock","13":"taxable","14":"shipping-taxable","15":"purchasable","16":"product-type-simple"},"_links":{"self":[{"href":"https:\/\/www.hml-fetish.de\/shop\/wp-json\/wp\/v2\/product\/6391","targetHints":{"allow":["GET"]}}],"collection":[{"href":"https:\/\/www.hml-fetish.de\/shop\/wp-json\/wp\/v2\/product"}],"about":[{"href":"https:\/\/www.hml-fetish.de\/shop\/wp-json\/wp\/v2\/types\/product"}],"replies":[{"embeddable":true,"href":"https:\/\/www.hml-fetish.de\/shop\/wp-json\/wp\/v2\/comments?post=6391"}],"version-history":[{"count":0,"href":"https:\/\/www.hml-fetish.de\/shop\/wp-json\/wp\/v2\/product\/6391\/revisions"}],"wp:featuredmedia":[{"embeddable":true,"href":"https:\/\/www.hml-fetish.de\/shop\/wp-json\/wp\/v2\/media\/29210"}],"wp:attachment":[{"href":"https:\/\/www.hml-fetish.de\/shop\/wp-json\/wp\/v2\/media?parent=6391"}],"wp:term":[{"taxonomy":"product_brand","embeddable":true,"href":"https:\/\/www.hml-fetish.de\/shop\/wp-json\/wp\/v2\/product_brand?post=6391"},{"taxonomy":"product_cat","embeddable":true,"href":"https:\/\/www.hml-fetish.de\/shop\/wp-json\/wp\/v2\/product_cat?post=6391"},{"taxonomy":"product_tag","embeddable":true,"href":"https:\/\/www.hml-fetish.de\/shop\/wp-json\/wp\/v2\/product_tag?post=6391"}],"curies":[{"name":"wp","href":"https:\/\/api.w.org\/{rel}","templated":true}]}}