{"id":6390,"date":"2022-01-23T22:43:56","date_gmt":"2022-01-23T21:43:56","guid":{"rendered":"https:\/\/www.hml-fetish.de\/shop\/?post_type=product&#038;p=6390"},"modified":"2022-12-05T18:04:57","modified_gmt":"2022-12-05T17:04:57","slug":"genital-peitsche","status":"publish","type":"product","link":"https:\/\/www.hml-fetish.de\/shop\/genital-peitsche\/","title":{"rendered":"Genital-Peitsche"},"content":{"rendered":"<p><P>Klein und unauff\u00e4llig, aber ein richtiges Biest, wenn Du sie bestimmungsgem\u00e4\u00df einsetzt. Mit einer Gesamtl\u00e4nge von 27 cm pa\u00dft sie in jede Hosentasche. Die zehn 2 mm dicken Lederstreifen k\u00f6nnen aber richtig bei\u00dfen. Der Griff ist mit feinem. weichem Leder bezogen und tr\u00e4gt einen kleinen Karabiner f\u00fcr&#8217;s Schl\u00fcsselbund oder die G\u00fcrtelschlaufe.<\/P><\/p>\n","protected":false},"excerpt":{"rendered":"<h4>Genital-Peitsche<\/h4>\n<p><P>Klein und unauff\u00e4llig, aber ein richtiges Biest, wenn Du sie bestimmungsgem\u00e4\u00df einsetzt. Mit einer Gesamtl\u00e4nge von 27 cm pa\u00dft sie in jede Hosentasche. Der Griff ist mit feinem. weichem Leder bezogen und tr\u00e4gt einen kleinen Karabiner f\u00fcr&#8217;s Schl\u00fcsselbund oder die G\u00fcrtelschlaufe.<\/P><\/p>\n","protected":false},"featured_media":29223,"comment_status":"open","ping_status":"closed","template":"","meta":[],"product_brand":[],"product_cat":[134],"product_tag":[],"class_list":{"0":"post-6390","1":"product","2":"type-product","3":"status-publish","4":"has-post-thumbnail","6":"product_cat-flag","7":"product_shipping_class-brief","9":"first","10":"instock","11":"taxable","12":"shipping-taxable","13":"purchasable","14":"product-type-simple"},"_links":{"self":[{"href":"https:\/\/www.hml-fetish.de\/shop\/wp-json\/wp\/v2\/product\/6390","targetHints":{"allow":["GET"]}}],"collection":[{"href":"https:\/\/www.hml-fetish.de\/shop\/wp-json\/wp\/v2\/product"}],"about":[{"href":"https:\/\/www.hml-fetish.de\/shop\/wp-json\/wp\/v2\/types\/product"}],"replies":[{"embeddable":true,"href":"https:\/\/www.hml-fetish.de\/shop\/wp-json\/wp\/v2\/comments?post=6390"}],"version-history":[{"count":0,"href":"https:\/\/www.hml-fetish.de\/shop\/wp-json\/wp\/v2\/product\/6390\/revisions"}],"wp:featuredmedia":[{"embeddable":true,"href":"https:\/\/www.hml-fetish.de\/shop\/wp-json\/wp\/v2\/media\/29223"}],"wp:attachment":[{"href":"https:\/\/www.hml-fetish.de\/shop\/wp-json\/wp\/v2\/media?parent=6390"}],"wp:term":[{"taxonomy":"product_brand","embeddable":true,"href":"https:\/\/www.hml-fetish.de\/shop\/wp-json\/wp\/v2\/product_brand?post=6390"},{"taxonomy":"product_cat","embeddable":true,"href":"https:\/\/www.hml-fetish.de\/shop\/wp-json\/wp\/v2\/product_cat?post=6390"},{"taxonomy":"product_tag","embeddable":true,"href":"https:\/\/www.hml-fetish.de\/shop\/wp-json\/wp\/v2\/product_tag?post=6390"}],"curies":[{"name":"wp","href":"https:\/\/api.w.org\/{rel}","templated":true}]}}