{"id":6388,"date":"2022-01-23T22:43:56","date_gmt":"2022-01-23T21:43:56","guid":{"rendered":"https:\/\/www.hml-fetish.de\/shop\/?post_type=product&#038;p=6388"},"modified":"2022-06-21T21:59:58","modified_gmt":"2022-06-21T19:59:58","slug":"titanmen-cockring-schwarz-12-mm-breit","status":"publish","type":"product","link":"https:\/\/www.hml-fetish.de\/shop\/titanmen-cockring-schwarz-12-mm-breit\/","title":{"rendered":"TitanMen Cockring schwarz 12 mm breit"},"content":{"rendered":"<p><P>Starke und gleichzeitig edle Optik: Ein schwarzer v\u00f6llig nahtloser Cockring aus lackiertem, gedrehtem Stahl. Materialquerschnitt 12 mm \u00d7 5 mm. Die Kanten sind abgeschr\u00e4gt gegl\u00e4ttet. Jetzt weisst Du, warum die Jungs des Pornolabels TitanMen Schw\u00e4nze aus Stahl haben. Wir haben nur noch die Gr\u00f6\u00dfe 40 mm am Lager.<br \/>\n<BR><img decoding=\"async\" src=\"\/GIF\/size_ID.gif\" alt=\"Gr\u00f6\u00dfe = Innendurchmesser\" title=\"Gr\u00f6\u00dfe = Innendurchmesser\" border=\"0\" height=\"67\" width=\"183\"><\/P><\/p>\n","protected":false},"excerpt":{"rendered":"<h4>TitanMen Cockring schwarz 12 mm breit<\/h4>\n<p><P>Starke und gleichzeitig edle Optik: Ein schwarzer v\u00f6llig nahtloser Cockring aus lackiertem, gedrehtem Stahl. Materialquerschnitt 12 mm \u00d7 5 mm. Die Kanten sind abgeschr\u00e4gt gegl\u00e4ttet.<\/P><\/p>\n","protected":false},"featured_media":29244,"comment_status":"open","ping_status":"closed","template":"","meta":[],"product_brand":[],"product_cat":[167],"product_tag":[],"class_list":{"0":"post-6388","1":"product","2":"type-product","3":"status-publish","4":"has-post-thumbnail","6":"product_cat-cockringe","7":"product_shipping_class-brief","9":"first","10":"instock","11":"sale","12":"taxable","13":"shipping-taxable","14":"purchasable","15":"product-type-simple"},"_links":{"self":[{"href":"https:\/\/www.hml-fetish.de\/shop\/wp-json\/wp\/v2\/product\/6388","targetHints":{"allow":["GET"]}}],"collection":[{"href":"https:\/\/www.hml-fetish.de\/shop\/wp-json\/wp\/v2\/product"}],"about":[{"href":"https:\/\/www.hml-fetish.de\/shop\/wp-json\/wp\/v2\/types\/product"}],"replies":[{"embeddable":true,"href":"https:\/\/www.hml-fetish.de\/shop\/wp-json\/wp\/v2\/comments?post=6388"}],"version-history":[{"count":0,"href":"https:\/\/www.hml-fetish.de\/shop\/wp-json\/wp\/v2\/product\/6388\/revisions"}],"wp:featuredmedia":[{"embeddable":true,"href":"https:\/\/www.hml-fetish.de\/shop\/wp-json\/wp\/v2\/media\/29244"}],"wp:attachment":[{"href":"https:\/\/www.hml-fetish.de\/shop\/wp-json\/wp\/v2\/media?parent=6388"}],"wp:term":[{"taxonomy":"product_brand","embeddable":true,"href":"https:\/\/www.hml-fetish.de\/shop\/wp-json\/wp\/v2\/product_brand?post=6388"},{"taxonomy":"product_cat","embeddable":true,"href":"https:\/\/www.hml-fetish.de\/shop\/wp-json\/wp\/v2\/product_cat?post=6388"},{"taxonomy":"product_tag","embeddable":true,"href":"https:\/\/www.hml-fetish.de\/shop\/wp-json\/wp\/v2\/product_tag?post=6388"}],"curies":[{"name":"wp","href":"https:\/\/api.w.org\/{rel}","templated":true}]}}