{"id":6387,"date":"2022-01-23T22:43:56","date_gmt":"2022-01-23T21:43:56","guid":{"rendered":"https:\/\/www.hml-fetish.de\/shop\/?post_type=product&#038;p=6387"},"modified":"2025-03-05T15:38:05","modified_gmt":"2025-03-05T14:38:05","slug":"haenge-handfesseln","status":"publish","type":"product","link":"https:\/\/www.hml-fetish.de\/shop\/haenge-handfesseln\/","title":{"rendered":"H\u00e4nge-Handfesseln"},"content":{"rendered":"<p><P>Hergestellt in Deutschland und in hervorragender Qualit\u00e4t gefertigt: unsere Arm-H\u00e4ngefesseln. Sie sind belastbar bis 90 Kilo und machen alle Touren mit. Schlie\u00dfe vertrauensvoll Deine H\u00e4nde um die gepolsterten Stangen und la\u00df die Manschetten von Deinem Partner mit den breiten Klett-Streifen verschlie\u00dfen. Darin h\u00e4ltst Du es eine Weile aus &#8211; selbst wenn Du beim Spielen sp\u00e4ter den Boden unter den F\u00fc\u00dfen verlieren solltest.<\/P><br \/>\n<P>Du bekommst richtig gute Handwerksarbeit. Alles ist solide vern\u00e4ht und vernietet &#8211; inklusive der Klettb\u00e4nder! Die Manschetten sind 8&nbsp;cm breit, 28&nbsp;cm lang und sogar gepolstert.<\/P><\/p>\n","protected":false},"excerpt":{"rendered":"<h4>H\u00e4nge-Handfesseln<\/h4>\n<p><P>Hergestellt in Deutschland und in hervorragender Qualit\u00e4t gefertigt: unsere Arm H\u00e4ngefesseln. Sie sind belastbar bis 90 Kilo und machen alle Touren mit. Schlie\u00dfe vertrauensvoll Deine H\u00e4nde um die gepolsterten Stangen und la\u00df die Manschetten von Deinem Partner mit den breiten Klett-Streifen verschlie\u00dfen. Darin h\u00e4ltst Du es eine Weile aus &#8211; selbst wenn Du beim Spielen sp\u00e4ter den Boden unter den F\u00fc\u00dfen verlieren solltest.<\/P><\/p>\n","protected":false},"featured_media":29268,"comment_status":"open","ping_status":"closed","template":"","meta":[],"product_brand":[],"product_cat":[163,137],"product_tag":[],"class_list":{"0":"post-6387","1":"product","2":"type-product","3":"status-publish","4":"has-post-thumbnail","6":"product_cat-lederfesseln","7":"product_cat-bondage","8":"product_shipping_class-paket","10":"first","11":"instock","12":"taxable","13":"shipping-taxable","14":"purchasable","15":"product-type-simple"},"_links":{"self":[{"href":"https:\/\/www.hml-fetish.de\/shop\/wp-json\/wp\/v2\/product\/6387","targetHints":{"allow":["GET"]}}],"collection":[{"href":"https:\/\/www.hml-fetish.de\/shop\/wp-json\/wp\/v2\/product"}],"about":[{"href":"https:\/\/www.hml-fetish.de\/shop\/wp-json\/wp\/v2\/types\/product"}],"replies":[{"embeddable":true,"href":"https:\/\/www.hml-fetish.de\/shop\/wp-json\/wp\/v2\/comments?post=6387"}],"version-history":[{"count":0,"href":"https:\/\/www.hml-fetish.de\/shop\/wp-json\/wp\/v2\/product\/6387\/revisions"}],"wp:featuredmedia":[{"embeddable":true,"href":"https:\/\/www.hml-fetish.de\/shop\/wp-json\/wp\/v2\/media\/29268"}],"wp:attachment":[{"href":"https:\/\/www.hml-fetish.de\/shop\/wp-json\/wp\/v2\/media?parent=6387"}],"wp:term":[{"taxonomy":"product_brand","embeddable":true,"href":"https:\/\/www.hml-fetish.de\/shop\/wp-json\/wp\/v2\/product_brand?post=6387"},{"taxonomy":"product_cat","embeddable":true,"href":"https:\/\/www.hml-fetish.de\/shop\/wp-json\/wp\/v2\/product_cat?post=6387"},{"taxonomy":"product_tag","embeddable":true,"href":"https:\/\/www.hml-fetish.de\/shop\/wp-json\/wp\/v2\/product_tag?post=6387"}],"curies":[{"name":"wp","href":"https:\/\/api.w.org\/{rel}","templated":true}]}}