{"id":6385,"date":"2022-01-23T22:43:55","date_gmt":"2022-01-23T21:43:55","guid":{"rendered":"https:\/\/www.hml-fetish.de\/shop\/?post_type=product&#038;p=6385"},"modified":"2024-05-23T12:09:44","modified_gmt":"2024-05-23T10:09:44","slug":"intimidator-31-cm-lang","status":"publish","type":"product","link":"https:\/\/www.hml-fetish.de\/shop\/intimidator-31-cm-lang\/","title":{"rendered":"Intimidator 31 cm lang"},"content":{"rendered":"<p><P>Dieser sch\u00f6n designte Dildo aus weichem aber stabilem Vinylkautschuk hilft Dir beim Training f\u00fcr die n\u00e4chste rote Party. Hast Du die 45 mm starke Spitze erst einmal geschafft, kannst Du Deine Aufnahmef\u00e4higkeit in vielen, kleinen Stufen auf bis zu 100 mm erweitern. Das sollte f\u00fcr alles reichen, das Dein Hintern gefahrlos aufnehmen kann. Phthalatfrei und vertr\u00e4glich mit allen Gleitmitteln auf Wasser- und Silikonbasis.<\/P><\/p>\n","protected":false},"excerpt":{"rendered":"<h4>Intimidator 31 cm lang<\/h4>\n<p><P>Dieser sch\u00f6n designte Dildo aus weichem aber stabilem Vinylkautschuk hilft Dir beim Training f\u00fcr die n\u00e4chste rote Party. Hast Du die 45 mm starke Spitze erst einmal geschafft, kannst Du Deine Aufnahmef\u00e4higkeit in vielen, kleinen Stufen auf bis zu 100 mm erweitern. Das sollte f\u00fcr alles reichen, das Dein Hintern gefahrlos aufnehmen kann. Phthalatfrei und vertr\u00e4glich mit allen Gleitmitteln auf Wasser- und Silikonbasis.<\/P><\/p>\n","protected":false},"featured_media":29314,"comment_status":"open","ping_status":"closed","template":"","meta":[],"product_brand":[],"product_cat":[131,95],"product_tag":[],"class_list":{"0":"post-6385","1":"product","2":"type-product","3":"status-publish","4":"has-post-thumbnail","6":"product_cat-dildos","7":"product_cat-bestseller","8":"product_shipping_class-paket","10":"first","11":"instock","12":"taxable","13":"shipping-taxable","14":"purchasable","15":"product-type-simple"},"_links":{"self":[{"href":"https:\/\/www.hml-fetish.de\/shop\/wp-json\/wp\/v2\/product\/6385","targetHints":{"allow":["GET"]}}],"collection":[{"href":"https:\/\/www.hml-fetish.de\/shop\/wp-json\/wp\/v2\/product"}],"about":[{"href":"https:\/\/www.hml-fetish.de\/shop\/wp-json\/wp\/v2\/types\/product"}],"replies":[{"embeddable":true,"href":"https:\/\/www.hml-fetish.de\/shop\/wp-json\/wp\/v2\/comments?post=6385"}],"version-history":[{"count":0,"href":"https:\/\/www.hml-fetish.de\/shop\/wp-json\/wp\/v2\/product\/6385\/revisions"}],"wp:featuredmedia":[{"embeddable":true,"href":"https:\/\/www.hml-fetish.de\/shop\/wp-json\/wp\/v2\/media\/29314"}],"wp:attachment":[{"href":"https:\/\/www.hml-fetish.de\/shop\/wp-json\/wp\/v2\/media?parent=6385"}],"wp:term":[{"taxonomy":"product_brand","embeddable":true,"href":"https:\/\/www.hml-fetish.de\/shop\/wp-json\/wp\/v2\/product_brand?post=6385"},{"taxonomy":"product_cat","embeddable":true,"href":"https:\/\/www.hml-fetish.de\/shop\/wp-json\/wp\/v2\/product_cat?post=6385"},{"taxonomy":"product_tag","embeddable":true,"href":"https:\/\/www.hml-fetish.de\/shop\/wp-json\/wp\/v2\/product_tag?post=6385"}],"curies":[{"name":"wp","href":"https:\/\/api.w.org\/{rel}","templated":true}]}}