{"id":6383,"date":"2022-01-23T22:43:55","date_gmt":"2022-01-23T21:43:55","guid":{"rendered":"https:\/\/www.hml-fetish.de\/shop\/?post_type=product&#038;p=6383"},"modified":"2023-10-18T12:17:04","modified_gmt":"2023-10-18T10:17:04","slug":"silikon-ball-knebel","status":"publish","type":"product","link":"https:\/\/www.hml-fetish.de\/shop\/silikon-ball-knebel\/","title":{"rendered":"Silikon-Ball-Knebel"},"content":{"rendered":"<p><P>Eine massive schwarze Kugel aus belastbarem und hygienischem Silikon als Mundst\u00fcck, befestigt mit einem glatten Rindleder-Kopfgurt. Silikon als Bei\u00dfmaterial ist frei von all den Zusatzstoffen, die in vulkanisiertem Gummi oft enthalten sind und daher besonders geeignet f\u00fcr den Kontakt mit K\u00f6rperfl\u00fcssigkeiten. Dieser Knebel hindert Dich nicht am Schreien, aber er macht es Dir unm\u00f6glich, Dich artikuliert zu \u00e4u\u00dfern. Mehr als ein \u00bbMMMPHH!\u00ab ist nicht drin. Du wirst so mit einfachen Mitteln auf Deine Grundfunktionen reduziert. L\u00e4\u00dft sich auch hervorragend in den Kopf-Harness einbauen!<P><\/p>\n","protected":false},"excerpt":{"rendered":"<h4>Silikon-Ball-Knebel<\/h4>\n<p><P>Dieser Knebel hindert Dich nicht am Schreien, aber er macht es Dir unm\u00f6glich, Dich artikuliert zu \u00e4u\u00dfern. Mehr als ein \u00bbMMMPHH!\u00ab ist nicht drin. Du wirst so mit einfachen Mitteln auf Deine Grundfunktionen reduziert. L\u00e4\u00dft sich auch hervorragend in den Kopf-Harness einbauen!<P><\/p>\n","protected":false},"featured_media":29335,"comment_status":"open","ping_status":"closed","template":"","meta":[],"product_brand":[],"product_cat":[132,137],"product_tag":[],"class_list":{"0":"post-6383","1":"product","2":"type-product","3":"status-publish","4":"has-post-thumbnail","6":"product_cat-dungeon","7":"product_cat-bondage","8":"product_shipping_class-paket","10":"first","11":"instock","12":"taxable","13":"shipping-taxable","14":"purchasable","15":"product-type-variable"},"_links":{"self":[{"href":"https:\/\/www.hml-fetish.de\/shop\/wp-json\/wp\/v2\/product\/6383","targetHints":{"allow":["GET"]}}],"collection":[{"href":"https:\/\/www.hml-fetish.de\/shop\/wp-json\/wp\/v2\/product"}],"about":[{"href":"https:\/\/www.hml-fetish.de\/shop\/wp-json\/wp\/v2\/types\/product"}],"replies":[{"embeddable":true,"href":"https:\/\/www.hml-fetish.de\/shop\/wp-json\/wp\/v2\/comments?post=6383"}],"version-history":[{"count":0,"href":"https:\/\/www.hml-fetish.de\/shop\/wp-json\/wp\/v2\/product\/6383\/revisions"}],"wp:featuredmedia":[{"embeddable":true,"href":"https:\/\/www.hml-fetish.de\/shop\/wp-json\/wp\/v2\/media\/29335"}],"wp:attachment":[{"href":"https:\/\/www.hml-fetish.de\/shop\/wp-json\/wp\/v2\/media?parent=6383"}],"wp:term":[{"taxonomy":"product_brand","embeddable":true,"href":"https:\/\/www.hml-fetish.de\/shop\/wp-json\/wp\/v2\/product_brand?post=6383"},{"taxonomy":"product_cat","embeddable":true,"href":"https:\/\/www.hml-fetish.de\/shop\/wp-json\/wp\/v2\/product_cat?post=6383"},{"taxonomy":"product_tag","embeddable":true,"href":"https:\/\/www.hml-fetish.de\/shop\/wp-json\/wp\/v2\/product_tag?post=6383"}],"curies":[{"name":"wp","href":"https:\/\/api.w.org\/{rel}","templated":true}]}}