{"id":6381,"date":"2022-01-23T22:43:54","date_gmt":"2022-01-23T21:43:54","guid":{"rendered":"https:\/\/www.hml-fetish.de\/shop\/?post_type=product&#038;p=6381"},"modified":"2025-06-24T17:18:20","modified_gmt":"2025-06-24T15:18:20","slug":"leder-klatsche","status":"publish","type":"product","link":"https:\/\/www.hml-fetish.de\/shop\/leder-klatsche\/","title":{"rendered":"Leder Klatsche"},"content":{"rendered":"<p><P>Eine 10 cm breite Klatsch-Fl\u00e4che ist zwischen zwei Lagen Leder versteift eingearbeitet und rundum vern\u00e4ht. Gesamtl\u00e4nge etwa 45 cm. Die klatscht so richtig. Da wirkt allein schon das Ger\u00e4usch.<\/P><\/p>\n","protected":false},"excerpt":{"rendered":"<h4>Leder Klatsche<\/h4>\n<p><P>Eine 10 cm breite Klatsch-Fl\u00e4che ist zwischen zwei Lagen Leder versteift eingearbeitet und rundum vern\u00e4ht. Gesamtl\u00e4nge etwa 45 cm. Die klatscht so richtig. Da wirkt allein schon das Ger\u00e4usch.<\/P><\/p>\n","protected":false},"featured_media":29376,"comment_status":"open","ping_status":"closed","template":"","meta":[],"product_brand":[],"product_cat":[134],"product_tag":[],"class_list":{"0":"post-6381","1":"product","2":"type-product","3":"status-publish","4":"has-post-thumbnail","6":"product_cat-flag","7":"product_shipping_class-paket","9":"first","10":"instock","11":"taxable","12":"shipping-taxable","13":"purchasable","14":"product-type-simple"},"_links":{"self":[{"href":"https:\/\/www.hml-fetish.de\/shop\/wp-json\/wp\/v2\/product\/6381","targetHints":{"allow":["GET"]}}],"collection":[{"href":"https:\/\/www.hml-fetish.de\/shop\/wp-json\/wp\/v2\/product"}],"about":[{"href":"https:\/\/www.hml-fetish.de\/shop\/wp-json\/wp\/v2\/types\/product"}],"replies":[{"embeddable":true,"href":"https:\/\/www.hml-fetish.de\/shop\/wp-json\/wp\/v2\/comments?post=6381"}],"version-history":[{"count":0,"href":"https:\/\/www.hml-fetish.de\/shop\/wp-json\/wp\/v2\/product\/6381\/revisions"}],"wp:featuredmedia":[{"embeddable":true,"href":"https:\/\/www.hml-fetish.de\/shop\/wp-json\/wp\/v2\/media\/29376"}],"wp:attachment":[{"href":"https:\/\/www.hml-fetish.de\/shop\/wp-json\/wp\/v2\/media?parent=6381"}],"wp:term":[{"taxonomy":"product_brand","embeddable":true,"href":"https:\/\/www.hml-fetish.de\/shop\/wp-json\/wp\/v2\/product_brand?post=6381"},{"taxonomy":"product_cat","embeddable":true,"href":"https:\/\/www.hml-fetish.de\/shop\/wp-json\/wp\/v2\/product_cat?post=6381"},{"taxonomy":"product_tag","embeddable":true,"href":"https:\/\/www.hml-fetish.de\/shop\/wp-json\/wp\/v2\/product_tag?post=6381"}],"curies":[{"name":"wp","href":"https:\/\/api.w.org\/{rel}","templated":true}]}}