{"id":6380,"date":"2022-01-23T22:43:54","date_gmt":"2022-01-23T21:43:54","guid":{"rendered":"https:\/\/www.hml-fetish.de\/shop\/?post_type=product&#038;p=6380"},"modified":"2024-11-28T16:18:23","modified_gmt":"2024-11-28T15:18:23","slug":"marine-t-shirt","status":"publish","type":"product","link":"https:\/\/www.hml-fetish.de\/shop\/marine-t-shirt\/","title":{"rendered":"Marine T-Shirt halbarm"},"content":{"rendered":"<p><P>Schick und schwarz-wei\u00df geringelt. Die Jungs von der Marine wu\u00dften schon immer, was gut aussieht! Hergestellt aus 100% Baumwolle. Das Material ist garngef\u00e4rbter Single Jersey.<br \/>\n<BR><img decoding=\"async\" src=\"\/GIF\/size_unisex_sp.gif\" alt=\"Gr\u00f6\u00dfentabelle\" title=\"Gr\u00f6\u00dfentabelle\" border=\"0\" height=\"194\" width=\"114\"><\/P><\/p>\n","protected":false},"excerpt":{"rendered":"<h4>Marine T-Shirt halbarm<\/h4>\n<p><P>Schick und schwarz-wei\u00df geringelt. Die Jungs von der Marine wu\u00dften schon immer, was gut aussieht! Hergestellt aus 100% Baumwolle. Das Material ist garngef\u00e4rbter Single Jersey.<\/P><\/p>\n","protected":false},"featured_media":29397,"comment_status":"open","ping_status":"closed","template":"","meta":[],"product_brand":[],"product_cat":[170,106,116],"product_tag":[],"class_list":{"0":"post-6380","1":"product","2":"type-product","3":"status-publish","4":"has-post-thumbnail","6":"product_cat-army-kleidung","7":"product_cat-neu-bei-hml","8":"product_cat-shirts-tops","9":"product_shipping_class-brief","11":"first","12":"instock","13":"taxable","14":"shipping-taxable","15":"purchasable","16":"product-type-variable"},"_links":{"self":[{"href":"https:\/\/www.hml-fetish.de\/shop\/wp-json\/wp\/v2\/product\/6380","targetHints":{"allow":["GET"]}}],"collection":[{"href":"https:\/\/www.hml-fetish.de\/shop\/wp-json\/wp\/v2\/product"}],"about":[{"href":"https:\/\/www.hml-fetish.de\/shop\/wp-json\/wp\/v2\/types\/product"}],"replies":[{"embeddable":true,"href":"https:\/\/www.hml-fetish.de\/shop\/wp-json\/wp\/v2\/comments?post=6380"}],"version-history":[{"count":0,"href":"https:\/\/www.hml-fetish.de\/shop\/wp-json\/wp\/v2\/product\/6380\/revisions"}],"wp:featuredmedia":[{"embeddable":true,"href":"https:\/\/www.hml-fetish.de\/shop\/wp-json\/wp\/v2\/media\/29397"}],"wp:attachment":[{"href":"https:\/\/www.hml-fetish.de\/shop\/wp-json\/wp\/v2\/media?parent=6380"}],"wp:term":[{"taxonomy":"product_brand","embeddable":true,"href":"https:\/\/www.hml-fetish.de\/shop\/wp-json\/wp\/v2\/product_brand?post=6380"},{"taxonomy":"product_cat","embeddable":true,"href":"https:\/\/www.hml-fetish.de\/shop\/wp-json\/wp\/v2\/product_cat?post=6380"},{"taxonomy":"product_tag","embeddable":true,"href":"https:\/\/www.hml-fetish.de\/shop\/wp-json\/wp\/v2\/product_tag?post=6380"}],"curies":[{"name":"wp","href":"https:\/\/api.w.org\/{rel}","templated":true}]}}