{"id":39793,"date":"2026-04-09T15:31:15","date_gmt":"2026-04-09T13:31:15","guid":{"rendered":"https:\/\/www.hml-fetish.de\/shop\/?post_type=product&#038;p=39793"},"modified":"2026-04-09T15:31:24","modified_gmt":"2026-04-09T13:31:24","slug":"exs-kondome","status":"publish","type":"product","link":"https:\/\/www.hml-fetish.de\/shop\/exs-kondome\/","title":{"rendered":"EXS Kondome"},"content":{"rendered":"<p>Latex-Kondome von EXS ohne den nervigen Gummigeruch. Mit Gleitmittel befeuchtet und ohne Alkohol, funktionieren mit Silikon-Gleitmitteln, aber auch mit Gleitmitteln auf Wasserbasis. Wir bieten sie in verschiedenen Versionen an.<\/p>\n<p>1) Extra stark: Wie die nicht mehr erh\u00e4ltlichen Kondome von HT Spezial sind sie besonders dick (0,083 mm) und messen ausgebreitet 53 mm x 194 mm, also Normalgr\u00f6\u00dfe.<\/p>\n<p>2) \u00dcbergr\u00f6\u00dfe f\u00fcr die etwas besser ausgestatteten Jungs: in normaler St\u00e4rke (0,073 mm) und ausgebreitetem Ma\u00df 60 mm x 212 mm.<\/p>\n","protected":false},"excerpt":{"rendered":"<h4>EXS Kondome<\/h4>\n<p>Latex Kondome von EXS ohne den nervigen Gummigeruch. Mit Gleitmittel befeuchtet und ohne Alkohol, funktionieren mit Silikon-Gleitmitteln, aber auch mit Gleitmitteln auf Wasserbasis. Wir bieten sie in verschiedenen Versionen an.<\/p>\n","protected":false},"featured_media":39794,"comment_status":"open","ping_status":"closed","template":"","meta":[],"product_brand":[],"product_cat":[144,106],"product_tag":[],"class_list":{"0":"post-39793","1":"product","2":"type-product","3":"status-publish","4":"has-post-thumbnail","6":"product_cat-kondome-gleitmittel","7":"product_cat-neu-bei-hml","8":"product_shipping_class-brief","10":"first","11":"outofstock","12":"taxable","13":"shipping-taxable","14":"purchasable","15":"product-type-variable"},"_links":{"self":[{"href":"https:\/\/www.hml-fetish.de\/shop\/wp-json\/wp\/v2\/product\/39793","targetHints":{"allow":["GET"]}}],"collection":[{"href":"https:\/\/www.hml-fetish.de\/shop\/wp-json\/wp\/v2\/product"}],"about":[{"href":"https:\/\/www.hml-fetish.de\/shop\/wp-json\/wp\/v2\/types\/product"}],"replies":[{"embeddable":true,"href":"https:\/\/www.hml-fetish.de\/shop\/wp-json\/wp\/v2\/comments?post=39793"}],"version-history":[{"count":1,"href":"https:\/\/www.hml-fetish.de\/shop\/wp-json\/wp\/v2\/product\/39793\/revisions"}],"predecessor-version":[{"id":39810,"href":"https:\/\/www.hml-fetish.de\/shop\/wp-json\/wp\/v2\/product\/39793\/revisions\/39810"}],"wp:featuredmedia":[{"embeddable":true,"href":"https:\/\/www.hml-fetish.de\/shop\/wp-json\/wp\/v2\/media\/39794"}],"wp:attachment":[{"href":"https:\/\/www.hml-fetish.de\/shop\/wp-json\/wp\/v2\/media?parent=39793"}],"wp:term":[{"taxonomy":"product_brand","embeddable":true,"href":"https:\/\/www.hml-fetish.de\/shop\/wp-json\/wp\/v2\/product_brand?post=39793"},{"taxonomy":"product_cat","embeddable":true,"href":"https:\/\/www.hml-fetish.de\/shop\/wp-json\/wp\/v2\/product_cat?post=39793"},{"taxonomy":"product_tag","embeddable":true,"href":"https:\/\/www.hml-fetish.de\/shop\/wp-json\/wp\/v2\/product_tag?post=39793"}],"curies":[{"name":"wp","href":"https:\/\/api.w.org\/{rel}","templated":true}]}}